{"id":1236,"date":"2025-03-13T11:37:33","date_gmt":"2025-03-13T11:37:33","guid":{"rendered":"https:\/\/saintangelainternationalschoolsevilla.com\/?page_id=1236"},"modified":"2025-03-13T13:26:27","modified_gmt":"2025-03-13T13:26:27","slug":"politica-de-privacidad","status":"publish","type":"page","link":"https:\/\/saintangelainternationalschoolsevilla.com\/zh\/politica-de-privacidad\/","title":{"rendered":"POL\u00cdTICA DE PRIVACIDAD"},"content":{"rendered":"<div data-elementor-type=\"wp-page\" data-elementor-id=\"1236\" class=\"elementor elementor-1236\" data-elementor-post-type=\"page\">\n\t\t\t\t\t\t<section class=\"elementor-section elementor-top-section elementor-element elementor-element-8fe8020 elementor-section-content-middle elementor-section-boxed elementor-section-height-default elementor-section-height-default\" data-id=\"8fe8020\" data-element_type=\"section\" data-settings=\"{&quot;background_background&quot;:&quot;classic&quot;}\">\n\t\t\t\t\t\t\t<div class=\"elementor-background-overlay\"><\/div>\n\t\t\t\t\t\t\t<div class=\"elementor-container elementor-column-gap-default\">\n\t\t\t\t\t<div class=\"elementor-column elementor-col-100 elementor-top-column elementor-element elementor-element-94c2765\" data-id=\"94c2765\" data-element_type=\"column\" data-settings=\"{&quot;background_background&quot;:&quot;classic&quot;}\">\n\t\t\t<div class=\"elementor-widget-wrap elementor-element-populated\">\n\t\t\t\t\t\t<div class=\"elementor-element elementor-element-ba60cf4 elementor-widget elementor-widget-heading\" data-id=\"ba60cf4\" data-element_type=\"widget\" data-widget_type=\"heading.default\">\n\t\t\t\t<div class=\"elementor-widget-container\">\n\t\t\t\t\t<h2 class=\"elementor-heading-title elementor-size-default\">POL\u00cdTICA DE PRIVACIDAD<\/h2>\t\t\t\t<\/div>\n\t\t\t\t<\/div>\n\t\t\t\t\t<\/div>\n\t\t<\/div>\n\t\t\t\t\t<\/div>\n\t\t<\/section>\n\t\t<div class=\"elementor-element elementor-element-4d8ccb1 e-flex e-con-boxed e-con e-parent\" data-id=\"4d8ccb1\" data-element_type=\"container\">\n\t\t\t\t\t<div class=\"e-con-inner\">\n\t\t\t\t<div class=\"elementor-element elementor-element-f1b373c elementor-widget elementor-widget-text-editor\" data-id=\"f1b373c\" data-element_type=\"widget\" data-widget_type=\"text-editor.default\">\n\t\t\t\t<div class=\"elementor-widget-container\">\n\t\t\t\t\t\t\t\t\t<p><span style=\"font-weight: 400;\">Facilitar la informaci\u00f3n requerida impedir\u00e1 a <\/span><b>ST. ANGELA INTERNATIONAL SCHOOL SEVILLA<\/b><span style=\"font-weight: 400;\"> atenderla y gestionarla correctamente. El Usuario garantiza que los datos que nos facilita son veraces, exactos y completos. Se cancelar\u00e1n, borrar\u00e1n o bloquear\u00e1n los datos cuando resulten inexactos, incompletos o hayan dejado de ser necesarios o pertinentes para su finalidad conforme a la legislaci\u00f3n vigente. Si los datos personales aportados son de un tercero, el Usuario garantiza que le ha informado de la Pol\u00edtica de Privacidad y ha obtenido su autorizaci\u00f3n para facilitar sus datos con las finalidades antes se\u00f1aladas. Igualmente garantiza que los datos aportados son exactos y actualizados, siendo responsable de cualquier da\u00f1o o perjuicio, directo o indirecto, que pudiera ocasionarse como consecuencia del incumplimiento de tal obligaci\u00f3n. El Usuario se compromete y responsabilidad de la veracidad y correcci\u00f3n de los datos que nos facilita, comprometi\u00e9ndose a mantenerlos debidamente actualizados. El Portal puede incluir enlaces o links a sitios de terceros. Las antedichas webs no han sido revisadas ni son objeto de controles sobre los mismos por el portal. No podr\u00e1 ser considerada en ning\u00fan caso responsable de los contenidos de estos sitios Web ni de las medidas que se adopten relativas a su privacidad o al tratamiento de sus datos de car\u00e1cter personal. Se recomienda la lectura detenida de las condiciones de uso y la pol\u00edtica de privacidad de estos sitios. En caso de estar interesado en activar un enlace a la presente p\u00e1gina deber\u00e1 comunicarlo a <\/span><b>ST. ANGELA INTERNATIONAL SCHOOL SEVILLA<\/b><span style=\"font-weight: 400;\">, obteniendo el consentimiento expreso para crear el enlace. <\/span><b>ST. ANGELA INTERNATIONAL SCHOOL SEVILLA<\/b><span style=\"font-weight: 400;\"> se reserva el derecho de oposici\u00f3n a la activaci\u00f3n de enlaces con su sitio Web. <\/span><\/p><p><span style=\"font-weight: 400;\"><strong>PLAZOS DE CONSERVACI\u00d3N DE LOS DATOS PERSONALES<\/strong><\/span><\/p><p><span style=\"font-weight: 400;\">Los datos personales proporcionados por el Usuario se conservar\u00e1n mientras permanezca dado de alta en el servicio, mientras se mantenga la relaci\u00f3n negocial, mientras el Usuario no solicite su supresi\u00f3n, o durante el plazo legal establecido. As\u00ed mismo podr\u00e1n conservarse cuando sean necesarios para el cumplimiento de una obligaci\u00f3n legal o para la formulaci\u00f3n, el ejercicio y la defensa de reclamaciones. Si el Usuario revoca su consentimiento o ejercita los derechos de oposici\u00f3n o supresi\u00f3n, sus datos se conservar\u00e1n bloqueados a disposici\u00f3n de la Administraci\u00f3n de Justicia durante los plazos establecidos legalmente para atender a las posibles responsabilidades nacidas del tratamiento de los datos personales.<\/span><\/p><p><span style=\"font-weight: 400;\"><strong>SECRETO Y SEGURIDAD DE LOS DATOS PERSONALES<\/strong><\/span><\/p><p><span style=\"font-weight: 400;\"><strong>ST. ANGELA INTERNATIONAL SCHOOL SEVILLA<\/strong> se compromete a adoptar las medidas t\u00e9cnicas y organizativas necesarias, seg\u00fan el nivel de seguridad adecuado al riesgo de los datos recogidos, de forma que se garantice la seguridad de los datos de car\u00e1cter personal y se evite la destrucci\u00f3n, p\u00e9rdida o alteraci\u00f3n accidental o il\u00edcita de datos personales transmitidos, conservados o tratados de otra forma, o la comunicaci\u00f3n o acceso no autorizados a dichos datos. Los datos personales ser\u00e1n tratados como confidenciales por el Responsable del tratamiento, quien se compromete a informar y a garantizar por medio de una obligaci\u00f3n legal o contractual que dicha confidencialidad sea respetada por sus empleados, asociados, y toda persona a la cual le haga accesible la informaci\u00f3n. En aquellos servicios de la web que precisen registrarse como Usuario, se deber\u00e1 elegir una contrase\u00f1a. El Usuario es el responsable de mantener la confidencialidad de esta contrase\u00f1a, as\u00ed como de todas las actividades que ocurran en la sesi\u00f3n iniciada con su nombre y contrase\u00f1a. El Usuario se compromete a notificar a <\/span><b>ST. ANGELA INTERNATIONAL SCHOOL SEVILLA<\/b><span style=\"font-weight: 400;\"> a la mayor brevedad el uso no autorizado de su nombre de Usuario y\/o contrase\u00f1a o cualquier otro fallo en la seguridad. <\/span><b>ST. ANGELA INTERNATIONAL SCHOOL SEVILLA<\/b><span style=\"font-weight: 400;\"> no ser\u00e1 responsable por los da\u00f1os o p\u00e9rdidas que se pudieran originar debido al no cumplimiento de esta obligaci\u00f3n por parte del Usuario.<\/span><\/p><p><span style=\"font-weight: 400;\"><strong>CESIONES Y DESTINATARIOS DE LOS DATOS PERSONALES<\/strong><\/span><\/p><p><span style=\"font-weight: 400;\">Los datos no ser\u00e1n comunicados a terceros, salvo que los casos legalmente previstos o sea necesarios para cumplir con la finalidad del tratamiento.<\/span><\/p><p><span style=\"font-weight: 400;\"><strong>DERECHOS DE LOS USUARIOS<\/strong><\/span><\/p><p><span style=\"font-weight: 400;\"><strong>\u00bfCu\u00e1les son sus derechos cuando nos facilita sus datos?<\/strong><\/span><\/p><p><span style=\"font-weight: 400;\"> El Usuario tiene derecho a obtener confirmaci\u00f3n sobre si estamos tratando datos personales que les conciernan, o no. El Usuario tiene derecho a acceder a sus datos personales, as\u00ed como a solicitar la rectificaci\u00f3n de los datos inexactos o, en su caso, solicitar su supresi\u00f3n cuando, entre otros motivos, los datos ya no sean necesarios para los fines que fueron recogidos. En determinadas circunstancias, el Usuario podr\u00e1 solicitar la limitaci\u00f3n del tratamiento de sus datos, en cuyo caso \u00fanicamente los conservaremos para el ejercicio o la defensa de reclamaciones. En determinadas circunstancias y por motivos relacionados con su situaci\u00f3n particular, el Usuario podr\u00e1 oponerse al tratamiento de sus datos, por lo que el responsable del tratamiento dejar\u00e1 de tratar los datos, salvo que, por motivos leg\u00edtimos imperiosos, o el ejercicio o la defensa de posibles reclamaciones. En aquellos supuestos en los que legalmente proceda, tendr\u00e1 el derecho a la portabilidad de los datos, lo que implica que tiene derecho a recibir los datos personales relativos a su persona que estemos tratando y almacenarlos en un dispositivo propio. Igualmente, le informamos que puede dirigir cualquier tipo de reclamaci\u00f3n en materia de protecci\u00f3n de datos personales a la Agencia Espa\u00f1ola de Protecci\u00f3n de Datos www.agpd.es , Autoridad de Control de Espa\u00f1a.<\/span><\/p><p><span style=\"font-weight: 400;\">Puede ejercitar ante <\/span><b>ST. ANGELA INTERNATIONAL SCHOOL SEVILLA<\/b><span style=\"font-weight: 400;\"> en caso de que resulten de aplicaci\u00f3n, los derechos de acceso, rectificaci\u00f3n, oposici\u00f3n, supresi\u00f3n, limitaci\u00f3n del tratamiento, portabilidad y a oponerse a ser objeto de decisiones individuales automatizadas mediante comunicaci\u00f3n escrita acompa\u00f1ada de fotocopia del D.N.I. dirigida a la siguiente direcci\u00f3n: <\/span><b>calle Canarias, 269 (Parque empresarial Los Llanos, Salteras-Sevilla), Email:\u00a0 <\/b><a href=\"mailto:info@saintangelainternationalschoolsevilla.com\"><b>info@saintangelainternationalschoolsevilla.com<\/b><\/a><\/p>\t\t\t\t\t\t\t\t<\/div>\n\t\t\t\t<\/div>\n\t\t\t\t\t<\/div>\n\t\t\t\t<\/div>\n\t\t\t\t<\/div>","protected":false},"excerpt":{"rendered":"<p>POL\u00cdTICA DE PRIVACIDAD Facilitar la informaci\u00f3n requerida impedir\u00e1 a ST. ANGELA INTERNATIONAL SCHOOL SEVILLA atenderla y gestionarla correctamente. El Usuario garantiza que los datos que nos facilita son veraces, exactos y completos. Se cancelar\u00e1n, borrar\u00e1n o bloquear\u00e1n los datos cuando resulten inexactos, incompletos o hayan dejado de ser necesarios o pertinentes para su finalidad conforme [&hellip;]<\/p>","protected":false},"author":1,"featured_media":0,"parent":0,"menu_order":0,"comment_status":"closed","ping_status":"closed","template":"elementor_header_footer","meta":{"_joinchat":[],"footnotes":""},"class_list":["post-1236","page","type-page","status-publish","hentry"],"_links":{"self":[{"href":"https:\/\/saintangelainternationalschoolsevilla.com\/zh\/wp-json\/wp\/v2\/pages\/1236","targetHints":{"allow":["GET"]}}],"collection":[{"href":"https:\/\/saintangelainternationalschoolsevilla.com\/zh\/wp-json\/wp\/v2\/pages"}],"about":[{"href":"https:\/\/saintangelainternationalschoolsevilla.com\/zh\/wp-json\/wp\/v2\/types\/page"}],"author":[{"embeddable":true,"href":"https:\/\/saintangelainternationalschoolsevilla.com\/zh\/wp-json\/wp\/v2\/users\/1"}],"replies":[{"embeddable":true,"href":"https:\/\/saintangelainternationalschoolsevilla.com\/zh\/wp-json\/wp\/v2\/comments?post=1236"}],"version-history":[{"count":19,"href":"https:\/\/saintangelainternationalschoolsevilla.com\/zh\/wp-json\/wp\/v2\/pages\/1236\/revisions"}],"predecessor-version":[{"id":1320,"href":"https:\/\/saintangelainternationalschoolsevilla.com\/zh\/wp-json\/wp\/v2\/pages\/1236\/revisions\/1320"}],"wp:attachment":[{"href":"https:\/\/saintangelainternationalschoolsevilla.com\/zh\/wp-json\/wp\/v2\/media?parent=1236"}],"curies":[{"name":"wp","href":"https:\/\/api.w.org\/{rel}","templated":true}]}}