{"id":2208,"date":"2025-06-05T17:07:27","date_gmt":"2025-06-05T17:07:27","guid":{"rendered":"https:\/\/saintangelainternationalschoolsevilla.com\/?page_id=2208"},"modified":"2026-02-10T20:53:27","modified_gmt":"2026-02-10T20:53:27","slug":"uniforme","status":"publish","type":"page","link":"https:\/\/saintangelainternationalschoolsevilla.com\/zh\/uniforme\/","title":{"rendered":"Uniforme"},"content":{"rendered":"<div data-elementor-type=\"wp-page\" data-elementor-id=\"2208\" class=\"elementor elementor-2208\" data-elementor-post-type=\"page\">\n\t\t\t\t\t\t<section class=\"elementor-section elementor-top-section elementor-element elementor-element-b46b2b6 elementor-section-content-middle elementor-section-boxed elementor-section-height-default elementor-section-height-default\" data-id=\"b46b2b6\" data-element_type=\"section\" data-settings=\"{&quot;background_background&quot;:&quot;classic&quot;}\">\n\t\t\t\t\t\t\t<div class=\"elementor-background-overlay\"><\/div>\n\t\t\t\t\t\t\t<div class=\"elementor-container elementor-column-gap-default\">\n\t\t\t\t\t<div class=\"elementor-column elementor-col-50 elementor-top-column elementor-element elementor-element-d88eec8\" data-id=\"d88eec8\" data-element_type=\"column\" data-settings=\"{&quot;background_background&quot;:&quot;classic&quot;}\">\n\t\t\t<div class=\"elementor-widget-wrap elementor-element-populated\">\n\t\t\t\t\t\t<div class=\"elementor-element elementor-element-7fdf022 elementor-widget elementor-widget-heading\" data-id=\"7fdf022\" data-element_type=\"widget\" data-widget_type=\"heading.default\">\n\t\t\t\t<div class=\"elementor-widget-container\">\n\t\t\t\t\t<h2 class=\"elementor-heading-title elementor-size-default\"> \u5723\u5b89\u5409\u62c9\u56fd\u9645\u673a\u573a <\/h2>\t\t\t\t<\/div>\n\t\t\t\t<\/div>\n\t\t\t\t<div class=\"elementor-element elementor-element-31797b2 elementor-widget elementor-widget-heading\" data-id=\"31797b2\" data-element_type=\"widget\" data-widget_type=\"heading.default\">\n\t\t\t\t<div class=\"elementor-widget-container\">\n\t\t\t\t\t<h2 class=\"elementor-heading-title elementor-size-default\">\u5236\u670d<\/h2>\t\t\t\t<\/div>\n\t\t\t\t<\/div>\n\t\t\t\t\t<\/div>\n\t\t<\/div>\n\t\t\t\t<div class=\"elementor-column elementor-col-50 elementor-top-column elementor-element elementor-element-a58e11d elementor-hidden-tablet elementor-hidden-phone\" data-id=\"a58e11d\" data-element_type=\"column\">\n\t\t\t<div class=\"elementor-widget-wrap\">\n\t\t\t\t\t\t\t<\/div>\n\t\t<\/div>\n\t\t\t\t\t<\/div>\n\t\t<\/section>\n\t\t\t\t<section class=\"elementor-section elementor-top-section elementor-element elementor-element-76d858c elementor-section-content-middle elementor-reverse-tablet elementor-reverse-mobile elementor-section-boxed elementor-section-height-default elementor-section-height-default\" data-id=\"76d858c\" data-element_type=\"section\" data-settings=\"{&quot;background_background&quot;:&quot;classic&quot;}\">\n\t\t\t\t\t\t<div class=\"elementor-container elementor-column-gap-default\">\n\t\t\t\t\t<div class=\"elementor-column elementor-col-50 elementor-top-column elementor-element elementor-element-3f7aab5\" data-id=\"3f7aab5\" data-element_type=\"column\">\n\t\t\t<div class=\"elementor-widget-wrap elementor-element-populated\">\n\t\t\t\t\t\t<div class=\"elementor-element elementor-element-b5219b1 elementor-widget elementor-widget-heading\" data-id=\"b5219b1\" data-element_type=\"widget\" data-widget_type=\"heading.default\">\n\t\t\t\t<div class=\"elementor-widget-container\">\n\t\t\t\t\t<h2 class=\"elementor-heading-title elementor-size-default\">\u5723\u5b89\u5409\u62c9\u5b66\u6821\u7684\u6821\u670d\u662f\u4e3a\u4e86\u5b66\u751f\u7684\u798f\u7949\u800c\u8bbe\u8ba1\u7684\u3002<\/h2>\t\t\t\t<\/div>\n\t\t\t\t<\/div>\n\t\t\t\t<div class=\"elementor-element elementor-element-2fda7ea elementor-widget elementor-widget-text-editor\" data-id=\"2fda7ea\" data-element_type=\"widget\" data-widget_type=\"text-editor.default\">\n\t\t\t\t<div class=\"elementor-widget-container\">\n\t\t\t\t\t\t\t\t\t<p>\u5b83\u7684\u8bbe\u8ba1\u65e8\u5728\u8ba9\u5b69\u5b50\u4eec\u5168\u5929\u611f\u5230\u8212\u9002\uff0c\u8ba9\u4ed6\u4eec\u80fd\u591f\u81ea\u7531\u5730\u6d3b\u52a8\u3001\u73a9\u800d\u548c\u5b66\u4e60\u3002<br \/><br \/>\u6b64\u5916\uff0c\u6821\u670d\u8c61\u5f81\u7740\u56e2\u7ed3\u548c\u5f52\u5c5e\u611f\uff0c\u56e0\u4e3a\u6240\u6709\u5b66\u751f<br \/>\u5b83\u4eec\u5171\u4eab\u4e00\u4e2a\u5171\u540c\u7684\u5f62\u8c61\uff0c\u8fd9\u5f3a\u5316\u4e86\u793e\u533a\u610f\u8bc6\u548c\u4ef7\u503c\u89c2\u3002<br \/>colegio.<\/p><p><br \/>\u5bf9\u4e8e\u5bb6\u5ead\u800c\u8a00\uff0c\u5b83\u4ee3\u8868\u4e86\u4e00\u79cd\u8212\u9002\u5b81\u9759\u7684\u9009\u62e9\uff0c\u56e0\u4e3a\u5b83\u63d0\u4f9b\u4e86<br \/>\u4e00\u4e2a\u5b9e\u7528\u4e14\u516c\u5e73\u7684\u89e3\u51b3\u65b9\u6848\uff0c\u8ba9\u65e5\u5e38\u751f\u6d3b\u66f4\u8f7b\u677e\uff0c\u4e14\u4e0d\u589e\u52a0\u4efb\u4f55\u6210\u672c\u3002<br \/>\u5e26\u6765\u5de8\u5927\u7684\u7ecf\u6d4e\u6548\u76ca\uff0c\u5e76\u4fc3\u8fdb\u6240\u6709\u5b66\u751f\u4e4b\u95f4\u7684\u5e73\u7b49\u3002<\/p>\t\t\t\t\t\t\t\t<\/div>\n\t\t\t\t<\/div>\n\t\t\t\t\t<\/div>\n\t\t<\/div>\n\t\t\t\t<div class=\"elementor-column elementor-col-50 elementor-top-column elementor-element elementor-element-7e40b7f\" data-id=\"7e40b7f\" data-element_type=\"column\">\n\t\t\t<div class=\"elementor-widget-wrap elementor-element-populated\">\n\t\t\t\t\t\t<div class=\"elementor-element elementor-element-9d232a9 elementor-widget elementor-widget-image\" data-id=\"9d232a9\" data-element_type=\"widget\" data-widget_type=\"image.default\">\n\t\t\t\t<div class=\"elementor-widget-container\">\n\t\t\t\t\t\t\t\t\t\t\t\t\t\t\t<img fetchpriority=\"high\" decoding=\"async\" width=\"2000\" height=\"1333\" src=\"https:\/\/saintangelainternationalschoolsevilla.com\/wp-content\/uploads\/2025\/01\/successful-graduate-school-kids-throwing-mortarboard-in-air-in-campus.jpg\" class=\"elementor-animation-shrink attachment-full size-full wp-image-34\" alt=\"\" srcset=\"https:\/\/saintangelainternationalschoolsevilla.com\/wp-content\/uploads\/2025\/01\/successful-graduate-school-kids-throwing-mortarboard-in-air-in-campus.jpg 2000w, https:\/\/saintangelainternationalschoolsevilla.com\/wp-content\/uploads\/2025\/01\/successful-graduate-school-kids-throwing-mortarboard-in-air-in-campus-300x200.jpg 300w, https:\/\/saintangelainternationalschoolsevilla.com\/wp-content\/uploads\/2025\/01\/successful-graduate-school-kids-throwing-mortarboard-in-air-in-campus-1024x682.jpg 1024w, https:\/\/saintangelainternationalschoolsevilla.com\/wp-content\/uploads\/2025\/01\/successful-graduate-school-kids-throwing-mortarboard-in-air-in-campus-768x512.jpg 768w, https:\/\/saintangelainternationalschoolsevilla.com\/wp-content\/uploads\/2025\/01\/successful-graduate-school-kids-throwing-mortarboard-in-air-in-campus-1536x1024.jpg 1536w\" sizes=\"(max-width: 2000px) 100vw, 2000px\" \/>\t\t\t\t\t\t\t\t\t\t\t\t\t\t\t<\/div>\n\t\t\t\t<\/div>\n\t\t\t\t\t<\/div>\n\t\t<\/div>\n\t\t\t\t\t<\/div>\n\t\t<\/section>\n\t\t<div class=\"elementor-element elementor-element-8e7a6b5 elementor-hidden-desktop elementor-hidden-tablet elementor-hidden-mobile e-flex e-con-boxed e-con e-parent\" data-id=\"8e7a6b5\" data-element_type=\"container\" data-settings=\"{&quot;background_background&quot;:&quot;classic&quot;}\">\n\t\t\t\t\t<div class=\"e-con-inner\">\n\t\t\t\t<div class=\"elementor-element elementor-element-620c61c elementor-align-center elementor-widget__width-auto elementor-hidden-desktop elementor-hidden-tablet elementor-hidden-mobile elementor-widget elementor-widget-button\" data-id=\"620c61c\" data-element_type=\"widget\" data-widget_type=\"button.default\">\n\t\t\t\t<div class=\"elementor-widget-container\">\n\t\t\t\t\t\t\t\t\t<div class=\"elementor-button-wrapper\">\n\t\t\t\t\t<a class=\"elementor-button elementor-button-link elementor-size-sm\" href=\"https:\/\/saintangelainternationalschoolsevilla.com\/wp-content\/uploads\/2025\/06\/uniformes.pdf\" target=\"_blank\">\n\t\t\t\t\t\t<span class=\"elementor-button-content-wrapper\">\n\t\t\t\t\t\t\t\t\t<span class=\"elementor-button-text\">\u4e0b\u8f09<\/span>\n\t\t\t\t\t<\/span>\n\t\t\t\t\t<\/a>\n\t\t\t\t<\/div>\n\t\t\t\t\t\t\t\t<\/div>\n\t\t\t\t<\/div>\n\t\t\t\t\t<\/div>\n\t\t\t\t<\/div>\n\t\t\t\t<\/div>","protected":false},"excerpt":{"rendered":"<p>St Angela International uniforme El uniforme escolar en St Angela es una herramienta pensada para el bienestar de nuestros alumnos. Est\u00e1 dise\u00f1ado para que los ni\u00f1os se sientan c\u00f3modos durante toda la\u00a0 jornada, permiti\u00e9ndoles moverse, jugar y aprender con libertad. Adem\u00e1s, el uniforme es una se\u00f1al de unidad y pertenencia, ya que todos los alumnoscomparten [&hellip;]<\/p>","protected":false},"author":1,"featured_media":0,"parent":0,"menu_order":0,"comment_status":"closed","ping_status":"closed","template":"elementor_header_footer","meta":{"_joinchat":[],"footnotes":""},"class_list":["post-2208","page","type-page","status-publish","hentry"],"_links":{"self":[{"href":"https:\/\/saintangelainternationalschoolsevilla.com\/zh\/wp-json\/wp\/v2\/pages\/2208","targetHints":{"allow":["GET"]}}],"collection":[{"href":"https:\/\/saintangelainternationalschoolsevilla.com\/zh\/wp-json\/wp\/v2\/pages"}],"about":[{"href":"https:\/\/saintangelainternationalschoolsevilla.com\/zh\/wp-json\/wp\/v2\/types\/page"}],"author":[{"embeddable":true,"href":"https:\/\/saintangelainternationalschoolsevilla.com\/zh\/wp-json\/wp\/v2\/users\/1"}],"replies":[{"embeddable":true,"href":"https:\/\/saintangelainternationalschoolsevilla.com\/zh\/wp-json\/wp\/v2\/comments?post=2208"}],"version-history":[{"count":13,"href":"https:\/\/saintangelainternationalschoolsevilla.com\/zh\/wp-json\/wp\/v2\/pages\/2208\/revisions"}],"predecessor-version":[{"id":2319,"href":"https:\/\/saintangelainternationalschoolsevilla.com\/zh\/wp-json\/wp\/v2\/pages\/2208\/revisions\/2319"}],"wp:attachment":[{"href":"https:\/\/saintangelainternationalschoolsevilla.com\/zh\/wp-json\/wp\/v2\/media?parent=2208"}],"curies":[{"name":"wp","href":"https:\/\/api.w.org\/{rel}","templated":true}]}}