{"id":362,"date":"2025-03-06T17:44:41","date_gmt":"2025-03-06T17:44:41","guid":{"rendered":"https:\/\/saintangelainternationalschoolsevilla.com\/?page_id=362"},"modified":"2026-02-10T19:46:19","modified_gmt":"2026-02-10T19:46:19","slug":"curriculo","status":"publish","type":"page","link":"https:\/\/saintangelainternationalschoolsevilla.com\/zh\/curriculo\/","title":{"rendered":"\u8bfe\u7a0b"},"content":{"rendered":"<div data-elementor-type=\"wp-page\" data-elementor-id=\"362\" class=\"elementor elementor-362\" data-elementor-post-type=\"page\">\n\t\t\t\t\t\t<section class=\"elementor-section elementor-top-section elementor-element elementor-element-98129ce elementor-section-content-middle elementor-section-boxed elementor-section-height-default elementor-section-height-default\" data-id=\"98129ce\" data-element_type=\"section\" data-settings=\"{&quot;background_background&quot;:&quot;classic&quot;}\">\n\t\t\t\t\t\t\t<div class=\"elementor-background-overlay\"><\/div>\n\t\t\t\t\t\t\t<div class=\"elementor-container elementor-column-gap-default\">\n\t\t\t\t\t<div class=\"elementor-column elementor-col-50 elementor-top-column elementor-element elementor-element-70f4161\" data-id=\"70f4161\" data-element_type=\"column\" data-settings=\"{&quot;background_background&quot;:&quot;classic&quot;}\">\n\t\t\t<div class=\"elementor-widget-wrap elementor-element-populated\">\n\t\t\t\t\t\t<div class=\"elementor-element elementor-element-16a375f elementor-widget elementor-widget-heading\" data-id=\"16a375f\" data-element_type=\"widget\" data-widget_type=\"heading.default\">\n\t\t\t\t<div class=\"elementor-widget-container\">\n\t\t\t\t\t<h2 class=\"elementor-heading-title elementor-size-default\">\u8bfe\u7a0b<\/h2>\t\t\t\t<\/div>\n\t\t\t\t<\/div>\n\t\t\t\t\t<\/div>\n\t\t<\/div>\n\t\t\t\t<div class=\"elementor-column elementor-col-50 elementor-top-column elementor-element elementor-element-f88d5c1 elementor-hidden-tablet elementor-hidden-phone\" data-id=\"f88d5c1\" data-element_type=\"column\">\n\t\t\t<div class=\"elementor-widget-wrap\">\n\t\t\t\t\t\t\t<\/div>\n\t\t<\/div>\n\t\t\t\t\t<\/div>\n\t\t<\/section>\n\t\t\t\t<section class=\"elementor-section elementor-top-section elementor-element elementor-element-364fec3 elementor-section-content-middle elementor-reverse-tablet elementor-reverse-mobile elementor-section-boxed elementor-section-height-default elementor-section-height-default\" data-id=\"364fec3\" data-element_type=\"section\" data-settings=\"{&quot;background_background&quot;:&quot;classic&quot;}\">\n\t\t\t\t\t\t<div class=\"elementor-container elementor-column-gap-default\">\n\t\t\t\t\t<div class=\"elementor-column elementor-col-50 elementor-top-column elementor-element elementor-element-89acd2f\" data-id=\"89acd2f\" data-element_type=\"column\">\n\t\t\t<div class=\"elementor-widget-wrap elementor-element-populated\">\n\t\t\t\t\t\t<div class=\"elementor-element elementor-element-2907ef7 elementor-widget elementor-widget-heading\" data-id=\"2907ef7\" data-element_type=\"widget\" data-widget_type=\"heading.default\">\n\t\t\t\t<div class=\"elementor-widget-container\">\n\t\t\t\t\t<h2 class=\"elementor-heading-title elementor-size-default\">\u5728\u6211\u4eec\u5b66\u6821\uff0c\u6211\u4eec\u91c7\u7528\u7ed3\u5408\u4e86\u82f1\u56fd\u548c\u897f\u73ed\u7259\u6700\u4f73\u4f53\u7cfb\u7684\u9ad8\u8d28\u91cf\u8bfe\u7a0b\uff0c\u63d0\u4f9b\uff1a\n\n<\/h2>\t\t\t\t<\/div>\n\t\t\t\t<\/div>\n\t\t\t\t<div class=\"elementor-element elementor-element-da5c96c elementor-icon-list--layout-traditional elementor-list-item-link-full_width elementor-widget elementor-widget-icon-list\" data-id=\"da5c96c\" data-element_type=\"widget\" data-widget_type=\"icon-list.default\">\n\t\t\t\t<div class=\"elementor-widget-container\">\n\t\t\t\t\t\t\t<ul class=\"elementor-icon-list-items\">\n\t\t\t\t\t\t\t<li class=\"elementor-icon-list-item\">\n\t\t\t\t\t\t\t\t\t\t\t<span class=\"elementor-icon-list-icon\">\n\t\t\t\t\t\t\t<svg aria-hidden=\"true\" class=\"e-font-icon-svg e-fas-check\" viewbox=\"0 0 512 512\" xmlns=\"http:\/\/www.w3.org\/2000\/svg\"><path d=\"M173.898 439.404l-166.4-166.4c-9.997-9.997-9.997-26.206 0-36.204l36.203-36.204c9.997-9.998 26.207-9.998 36.204 0L192 312.69 432.095 72.596c9.997-9.997 26.207-9.997 36.204 0l36.203 36.204c9.997 9.997 9.997 26.206 0 36.204l-294.4 294.401c-9.998 9.997-26.207 9.997-36.204-.001z\"><\/path><\/svg>\t\t\t\t\t\t<\/span>\n\t\t\t\t\t\t\t\t\t\t<span class=\"elementor-icon-list-text\">\u6ce8\u91cd\u5b66\u751f\u7684\u5168\u9762\u53d1\u5c55\u3002<\/span>\n\t\t\t\t\t\t\t\t\t<\/li>\n\t\t\t\t\t\t\t\t<li class=\"elementor-icon-list-item\">\n\t\t\t\t\t\t\t\t\t\t\t<span class=\"elementor-icon-list-icon\">\n\t\t\t\t\t\t\t<svg aria-hidden=\"true\" class=\"e-font-icon-svg e-fas-check\" viewbox=\"0 0 512 512\" xmlns=\"http:\/\/www.w3.org\/2000\/svg\"><path d=\"M173.898 439.404l-166.4-166.4c-9.997-9.997-9.997-26.206 0-36.204l36.203-36.204c9.997-9.998 26.207-9.998 36.204 0L192 312.69 432.095 72.596c9.997-9.997 26.207-9.997 36.204 0l36.203 36.204c9.997 9.997 9.997 26.206 0 36.204l-294.4 294.401c-9.998 9.997-26.207 9.997-36.204-.001z\"><\/path><\/svg>\t\t\t\t\t\t<\/span>\n\t\t\t\t\t\t\t\t\t\t<span class=\"elementor-icon-list-text\">\u7075\u6d3b\u7684\u8bfe\u7a0b\u9002\u5408\u6bcf\u4e2a\u5b66\u751f\u7684\u7279\u6b8a\u9700\u6c42\u548c\u80fd\u529b\u3002<\/span>\n\t\t\t\t\t\t\t\t\t<\/li>\n\t\t\t\t\t\t\t\t<li class=\"elementor-icon-list-item\">\n\t\t\t\t\t\t\t\t\t\t\t<span class=\"elementor-icon-list-icon\">\n\t\t\t\t\t\t\t<svg aria-hidden=\"true\" class=\"e-font-icon-svg e-fas-check\" viewbox=\"0 0 512 512\" xmlns=\"http:\/\/www.w3.org\/2000\/svg\"><path d=\"M173.898 439.404l-166.4-166.4c-9.997-9.997-9.997-26.206 0-36.204l36.203-36.204c9.997-9.998 26.207-9.998 36.204 0L192 312.69 432.095 72.596c9.997-9.997 26.207-9.997 36.204 0l36.203 36.204c9.997 9.997 9.997 26.206 0 36.204l-294.4 294.401c-9.998 9.997-26.207 9.997-36.204-.001z\"><\/path><\/svg>\t\t\t\t\t\t<\/span>\n\t\t\t\t\t\t\t\t\t\t<span class=\"elementor-icon-list-text\">\u6301\u7eed\u8bc4\u4f30\u548c\u4e2a\u6027\u5316\u5b66\u4e60\u3002<\/span>\n\t\t\t\t\t\t\t\t\t<\/li>\n\t\t\t\t\t\t\t\t<li class=\"elementor-icon-list-item\">\n\t\t\t\t\t\t\t\t\t\t\t<span class=\"elementor-icon-list-icon\">\n\t\t\t\t\t\t\t<svg aria-hidden=\"true\" class=\"e-font-icon-svg e-fas-check\" viewbox=\"0 0 512 512\" xmlns=\"http:\/\/www.w3.org\/2000\/svg\"><path d=\"M173.898 439.404l-166.4-166.4c-9.997-9.997-9.997-26.206 0-36.204l36.203-36.204c9.997-9.998 26.207-9.998 36.204 0L192 312.69 432.095 72.596c9.997-9.997 26.207-9.997 36.204 0l36.203 36.204c9.997 9.997 9.997 26.206 0 36.204l-294.4 294.401c-9.998 9.997-26.207 9.997-36.204-.001z\"><\/path><\/svg>\t\t\t\t\t\t<\/span>\n\t\t\t\t\t\t\t\t\t\t<span class=\"elementor-icon-list-text\">\u4e3a\u5168\u7403\u5316\u73af\u5883\u505a\u597d\u51c6\u5907\u3002<\/span>\n\t\t\t\t\t\t\t\t\t<\/li>\n\t\t\t\t\t\t\t\t<li class=\"elementor-icon-list-item\">\n\t\t\t\t\t\t\t\t\t\t\t<span class=\"elementor-icon-list-icon\">\n\t\t\t\t\t\t\t<svg aria-hidden=\"true\" class=\"e-font-icon-svg e-fas-check\" viewbox=\"0 0 512 512\" xmlns=\"http:\/\/www.w3.org\/2000\/svg\"><path d=\"M173.898 439.404l-166.4-166.4c-9.997-9.997-9.997-26.206 0-36.204l36.203-36.204c9.997-9.998 26.207-9.998 36.204 0L192 312.69 432.095 72.596c9.997-9.997 26.207-9.997 36.204 0l36.203 36.204c9.997 9.997 9.997 26.206 0 36.204l-294.4 294.401c-9.998 9.997-26.207 9.997-36.204-.001z\"><\/path><\/svg>\t\t\t\t\t\t<\/span>\n\t\t\t\t\t\t\t\t\t\t<span class=\"elementor-icon-list-text\">\u63d0\u5021\u4ef7\u503c\u89c2\u548c\u72ec\u7acb\u601d\u8003\u3002<\/span>\n\t\t\t\t\t\t\t\t\t<\/li>\n\t\t\t\t\t\t\t\t<li class=\"elementor-icon-list-item\">\n\t\t\t\t\t\t\t\t\t\t\t<span class=\"elementor-icon-list-icon\">\n\t\t\t\t\t\t\t<svg aria-hidden=\"true\" class=\"e-font-icon-svg e-fas-check\" viewbox=\"0 0 512 512\" xmlns=\"http:\/\/www.w3.org\/2000\/svg\"><path d=\"M173.898 439.404l-166.4-166.4c-9.997-9.997-9.997-26.206 0-36.204l36.203-36.204c9.997-9.998 26.207-9.998 36.204 0L192 312.69 432.095 72.596c9.997-9.997 26.207-9.997 36.204 0l36.203 36.204c9.997 9.997 9.997 26.206 0 36.204l-294.4 294.401c-9.998 9.997-26.207 9.997-36.204-.001z\"><\/path><\/svg>\t\t\t\t\t\t<\/span>\n\t\t\t\t\t\t\t\t\t\t<span class=\"elementor-icon-list-text\">\u56fd\u9645\u8ba4\u53ef\u3002<\/span>\n\t\t\t\t\t\t\t\t\t<\/li>\n\t\t\t\t\t\t<\/ul>\n\t\t\t\t\t\t<\/div>\n\t\t\t\t<\/div>\n\t\t\t\t<div class=\"elementor-element elementor-element-c78715e elementor-widget elementor-widget-text-editor\" data-id=\"c78715e\" data-element_type=\"widget\" data-widget_type=\"text-editor.default\">\n\t\t\t\t<div class=\"elementor-widget-container\">\n\t\t\t\t\t\t\t\t\t<p><span style=\"font-weight: 400;\">\u5e76\u83b7\u5f97\u53cc\u5b66\u4f4d\uff08\u82f1\u56fd\u548c\u897f\u73ed\u7259\uff09\uff0c\u8fd9\u5c06\u4e3a\u4e16\u754c\u5404\u5730\u7684\u5927\u5b66\u6253\u5f00\u5927\u95e8\u3002<\/span><\/p>\t\t\t\t\t\t\t\t<\/div>\n\t\t\t\t<\/div>\n\t\t\t\t\t<\/div>\n\t\t<\/div>\n\t\t\t\t<div class=\"elementor-column elementor-col-50 elementor-top-column elementor-element elementor-element-e80a23a\" data-id=\"e80a23a\" data-element_type=\"column\">\n\t\t\t<div class=\"elementor-widget-wrap elementor-element-populated\">\n\t\t\t\t\t\t<div class=\"elementor-element elementor-element-1ca1215 elementor-widget elementor-widget-image\" data-id=\"1ca1215\" data-element_type=\"widget\" data-widget_type=\"image.default\">\n\t\t\t\t<div class=\"elementor-widget-container\">\n\t\t\t\t\t\t\t\t\t\t\t\t\t\t\t<img fetchpriority=\"high\" decoding=\"async\" width=\"2000\" height=\"1333\" src=\"https:\/\/saintangelainternationalschoolsevilla.com\/wp-content\/uploads\/2025\/02\/college-professor-explaining-math.jpg\" class=\"elementor-animation-shrink attachment-full size-full wp-image-301\" alt=\"\" srcset=\"https:\/\/saintangelainternationalschoolsevilla.com\/wp-content\/uploads\/2025\/02\/college-professor-explaining-math.jpg 2000w, https:\/\/saintangelainternationalschoolsevilla.com\/wp-content\/uploads\/2025\/02\/college-professor-explaining-math-300x200.jpg 300w, https:\/\/saintangelainternationalschoolsevilla.com\/wp-content\/uploads\/2025\/02\/college-professor-explaining-math-1024x682.jpg 1024w, https:\/\/saintangelainternationalschoolsevilla.com\/wp-content\/uploads\/2025\/02\/college-professor-explaining-math-768x512.jpg 768w, https:\/\/saintangelainternationalschoolsevilla.com\/wp-content\/uploads\/2025\/02\/college-professor-explaining-math-1536x1024.jpg 1536w\" sizes=\"(max-width: 2000px) 100vw, 2000px\" \/>\t\t\t\t\t\t\t\t\t\t\t\t\t\t\t<\/div>\n\t\t\t\t<\/div>\n\t\t\t\t\t<\/div>\n\t\t<\/div>\n\t\t\t\t\t<\/div>\n\t\t<\/section>\n\t\t<div class=\"elementor-element elementor-element-1da2aaf e-flex e-con-boxed e-con e-parent\" data-id=\"1da2aaf\" data-element_type=\"container\" data-settings=\"{&quot;background_background&quot;:&quot;classic&quot;}\">\n\t\t\t\t\t<div class=\"e-con-inner\">\n\t\t\t\t<div class=\"elementor-element elementor-element-e954efd elementor-widget elementor-widget-image\" data-id=\"e954efd\" data-element_type=\"widget\" data-widget_type=\"image.default\">\n\t\t\t\t<div class=\"elementor-widget-container\">\n\t\t\t\t\t\t\t\t\t\t\t\t\t\t\t\t<a href=\"https:\/\/saintangelainternationalschoolsevilla.com\/wp-content\/uploads\/2025\/03\/Curriculo-04.jpg\" data-elementor-open-lightbox=\"yes\" data-elementor-lightbox-title=\"Curriculo-04\" data-e-action-hash=\"#elementor-action%3Aaction%3Dlightbox%26settings%3DeyJpZCI6MTEwNCwidXJsIjoiaHR0cHM6XC9cL3NhaW50YW5nZWxhaW50ZXJuYXRpb25hbHNjaG9vbHNldmlsbGEuY29tXC93cC1jb250ZW50XC91cGxvYWRzXC8yMDI1XC8wM1wvQ3VycmljdWxvLTA0LmpwZyJ9\">\n\t\t\t\t\t\t\t<img decoding=\"async\" width=\"2030\" height=\"1132\" src=\"https:\/\/saintangelainternationalschoolsevilla.com\/wp-content\/uploads\/2025\/03\/Curriculo-04.jpg\" class=\"attachment-full size-full wp-image-1104\" alt=\"\" srcset=\"https:\/\/saintangelainternationalschoolsevilla.com\/wp-content\/uploads\/2025\/03\/Curriculo-04.jpg 2030w, https:\/\/saintangelainternationalschoolsevilla.com\/wp-content\/uploads\/2025\/03\/Curriculo-04-300x167.jpg 300w, https:\/\/saintangelainternationalschoolsevilla.com\/wp-content\/uploads\/2025\/03\/Curriculo-04-1024x571.jpg 1024w, https:\/\/saintangelainternationalschoolsevilla.com\/wp-content\/uploads\/2025\/03\/Curriculo-04-768x428.jpg 768w, https:\/\/saintangelainternationalschoolsevilla.com\/wp-content\/uploads\/2025\/03\/Curriculo-04-1536x857.jpg 1536w\" sizes=\"(max-width: 2030px) 100vw, 2030px\" \/>\t\t\t\t\t\t\t\t<\/a>\n\t\t\t\t\t\t\t\t\t\t\t\t\t\t\t<\/div>\n\t\t\t\t<\/div>\n\t\t\t\t\t<\/div>\n\t\t\t\t<\/div>\n\t\t<div class=\"elementor-element elementor-element-1e84417 e-flex e-con-boxed e-con e-parent\" data-id=\"1e84417\" data-element_type=\"container\" data-settings=\"{&quot;background_background&quot;:&quot;classic&quot;}\">\n\t\t\t\t\t<div class=\"e-con-inner\">\n\t\t\t\t<div class=\"elementor-element elementor-element-487faf1 elementor-widget elementor-widget-heading\" data-id=\"487faf1\" data-element_type=\"widget\" data-widget_type=\"heading.default\">\n\t\t\t\t<div class=\"elementor-widget-container\">\n\t\t\t\t\t<h2 class=\"elementor-heading-title elementor-size-default\">\u5e38\u89c1\u95ee\u9898<\/h2>\t\t\t\t<\/div>\n\t\t\t\t<\/div>\n\t\t\t\t<div class=\"elementor-element elementor-element-14da310 elementor-widget elementor-widget-n-accordion\" data-id=\"14da310\" data-element_type=\"widget\" data-settings=\"{&quot;default_state&quot;:&quot;expanded&quot;,&quot;max_items_expended&quot;:&quot;one&quot;,&quot;n_accordion_animation_duration&quot;:{&quot;unit&quot;:&quot;ms&quot;,&quot;size&quot;:400,&quot;sizes&quot;:[]}}\" data-widget_type=\"nested-accordion.default\">\n\t\t\t\t<div class=\"elementor-widget-container\">\n\t\t\t\t\t\t\t<div class=\"e-n-accordion\" aria-label=\"Accordion. Open links with Enter or Space, close with Escape, and navigate with Arrow Keys\">\n\t\t\t\t\t\t<details id=\"e-n-accordion-item-2180\" class=\"e-n-accordion-item\" open>\n\t\t\t\t<summary class=\"e-n-accordion-item-title\" data-accordion-index=\"1\" tabindex=\"0\" aria-expanded=\"true\" aria-controls=\"e-n-accordion-item-2180\" >\n\t\t\t\t\t<span class='e-n-accordion-item-title-header'><div class=\"e-n-accordion-item-title-text\"> \u5982\u679c\u6211\u7684\u5b69\u5b50\u53bb\u82f1\u56fd\u5b66\u6821\uff0c\u4ed6\u6216\u5979\u4f1a\u5b66\u4e60\u897f\u73ed\u7259\u8bed\u5417\uff1f <\/div><\/span>\n\t\t\t\t\t\t\t<span class='e-n-accordion-item-title-icon'>\n\t\t\t<span class='e-opened' ><svg aria-hidden=\"true\" class=\"e-font-icon-svg e-fas-caret-up\" viewbox=\"0 0 320 512\" xmlns=\"http:\/\/www.w3.org\/2000\/svg\"><path d=\"M288.662 352H31.338c-17.818 0-26.741-21.543-14.142-34.142l128.662-128.662c7.81-7.81 20.474-7.81 28.284 0l128.662 128.662c12.6 12.599 3.676 34.142-14.142 34.142z\"><\/path><\/svg><\/span>\n\t\t\t<span class='e-closed'><svg aria-hidden=\"true\" class=\"e-font-icon-svg e-fas-caret-down\" viewbox=\"0 0 320 512\" xmlns=\"http:\/\/www.w3.org\/2000\/svg\"><path d=\"M31.3 192h257.3c17.8 0 26.7 21.5 14.1 34.1L174.1 354.8c-7.8 7.8-20.5 7.8-28.3 0L17.2 226.1C4.6 213.5 13.5 192 31.3 192z\"><\/path><\/svg><\/span>\n\t\t<\/span>\n\n\t\t\t\t\t\t<\/summary>\n\t\t\t\t<div role=\"region\" aria-labelledby=\"e-n-accordion-item-2180\" class=\"elementor-element elementor-element-3319f1d e-con-full e-flex e-con e-child\" data-id=\"3319f1d\" data-element_type=\"container\">\n\t\t\t\t<div class=\"elementor-element elementor-element-0c4ce3e elementor-widget elementor-widget-text-editor\" data-id=\"0c4ce3e\" data-element_type=\"widget\" data-widget_type=\"text-editor.default\">\n\t\t\t\t<div class=\"elementor-widget-container\">\n\t\t\t\t\t\t\t\t\t<p>Por supuesto. Todos los d\u00edas los ni\u00f1os, desde los 4 a\u00f1os de edad, tienen una hora de espa\u00f1ol, siguiendo la ley espa\u00f1ola. M\u00e1s adelante, a partir de Year 2 (1\u00ba De primaria) comienzan a dar clases de cultura espa\u00f1ola, con asignaturas tales geograf\u00eda e historia de Espa\u00f1a.<\/p>\t\t\t\t\t\t\t\t<\/div>\n\t\t\t\t<\/div>\n\t\t\t\t<\/div>\n\t\t\t\t\t<\/details>\n\t\t\t\t\t\t<details id=\"e-n-accordion-item-2181\" class=\"e-n-accordion-item\" >\n\t\t\t\t<summary class=\"e-n-accordion-item-title\" data-accordion-index=\"2\" tabindex=\"-1\" aria-expanded=\"false\" aria-controls=\"e-n-accordion-item-2181\" >\n\t\t\t\t\t<span class='e-n-accordion-item-title-header'><div class=\"e-n-accordion-item-title-text\"> \u6211\u7684\u5b69\u5b50\u80fd\u4e0a\u897f\u73ed\u7259\u7684\u5927\u5b66\u5417\uff1f <\/div><\/span>\n\t\t\t\t\t\t\t<span class='e-n-accordion-item-title-icon'>\n\t\t\t<span class='e-opened' ><svg aria-hidden=\"true\" class=\"e-font-icon-svg e-fas-caret-up\" viewbox=\"0 0 320 512\" xmlns=\"http:\/\/www.w3.org\/2000\/svg\"><path d=\"M288.662 352H31.338c-17.818 0-26.741-21.543-14.142-34.142l128.662-128.662c7.81-7.81 20.474-7.81 28.284 0l128.662 128.662c12.6 12.599 3.676 34.142-14.142 34.142z\"><\/path><\/svg><\/span>\n\t\t\t<span class='e-closed'><svg aria-hidden=\"true\" class=\"e-font-icon-svg e-fas-caret-down\" viewbox=\"0 0 320 512\" xmlns=\"http:\/\/www.w3.org\/2000\/svg\"><path d=\"M31.3 192h257.3c17.8 0 26.7 21.5 14.1 34.1L174.1 354.8c-7.8 7.8-20.5 7.8-28.3 0L17.2 226.1C4.6 213.5 13.5 192 31.3 192z\"><\/path><\/svg><\/span>\n\t\t<\/span>\n\n\t\t\t\t\t\t<\/summary>\n\t\t\t\t<div role=\"region\" aria-labelledby=\"e-n-accordion-item-2181\" class=\"elementor-element elementor-element-20fdfa0 e-con-full e-flex e-con e-child\" data-id=\"20fdfa0\" data-element_type=\"container\">\n\t\t\t\t<div class=\"elementor-element elementor-element-59cb5a1 elementor-widget elementor-widget-text-editor\" data-id=\"59cb5a1\" data-element_type=\"widget\" data-widget_type=\"text-editor.default\">\n\t\t\t\t<div class=\"elementor-widget-container\">\n\t\t\t\t\t\t\t\t\t<p>\u662f\u7684\uff0c\u6240\u6709\u5b66\u4f4d\u5747\u6709\u6548\uff0c\u5e76\u4e14\u5927\u5b66\u63a5\u53d7\u6765\u81ea\u4e16\u754c\u5404\u5730\u7684\u5b66\u4f4d\u3002\u6211\u4eec\u4e2d\u5fc3\u83b7\u5f97\u7684\u6240\u6709\u8d44\u683c\u5728\u897f\u73ed\u7259\u3001\u82f1\u56fd\u4ee5\u53ca\u8bb8\u591a\u5176\u4ed6\u56fd\u5bb6\u5747\u6709\u6548\u3002<\/p>\t\t\t\t\t\t\t\t<\/div>\n\t\t\t\t<\/div>\n\t\t\t\t<\/div>\n\t\t\t\t\t<\/details>\n\t\t\t\t\t\t<details id=\"e-n-accordion-item-2182\" class=\"e-n-accordion-item\" >\n\t\t\t\t<summary class=\"e-n-accordion-item-title\" data-accordion-index=\"3\" tabindex=\"-1\" aria-expanded=\"false\" aria-controls=\"e-n-accordion-item-2182\" >\n\t\t\t\t\t<span class='e-n-accordion-item-title-header'><div class=\"e-n-accordion-item-title-text\"> \u6211\u7684\u5b69\u5b50\u4e0d\u4f1a\u8bf4\u82f1\u8bed\u3002\u8fd9\u5bf9\u4ed6\uff08\u65e0\u8bba\u5e74\u9f84\u5927\u5c0f\uff09\u8fdb\u5165\u585e\u7ef4\u5229\u4e9a\u5723\u5b89\u5409\u62c9\u56fd\u9645\u5b66\u6821\u4f1a\u9020\u6210\u95ee\u9898\u5417\uff1f <\/div><\/span>\n\t\t\t\t\t\t\t<span class='e-n-accordion-item-title-icon'>\n\t\t\t<span class='e-opened' ><svg aria-hidden=\"true\" class=\"e-font-icon-svg e-fas-caret-up\" viewbox=\"0 0 320 512\" xmlns=\"http:\/\/www.w3.org\/2000\/svg\"><path d=\"M288.662 352H31.338c-17.818 0-26.741-21.543-14.142-34.142l128.662-128.662c7.81-7.81 20.474-7.81 28.284 0l128.662 128.662c12.6 12.599 3.676 34.142-14.142 34.142z\"><\/path><\/svg><\/span>\n\t\t\t<span class='e-closed'><svg aria-hidden=\"true\" class=\"e-font-icon-svg e-fas-caret-down\" viewbox=\"0 0 320 512\" xmlns=\"http:\/\/www.w3.org\/2000\/svg\"><path d=\"M31.3 192h257.3c17.8 0 26.7 21.5 14.1 34.1L174.1 354.8c-7.8 7.8-20.5 7.8-28.3 0L17.2 226.1C4.6 213.5 13.5 192 31.3 192z\"><\/path><\/svg><\/span>\n\t\t<\/span>\n\n\t\t\t\t\t\t<\/summary>\n\t\t\t\t<div role=\"region\" aria-labelledby=\"e-n-accordion-item-2182\" class=\"elementor-element elementor-element-58f8834 e-con-full e-flex e-con e-child\" data-id=\"58f8834\" data-element_type=\"container\">\n\t\t\t\t<div class=\"elementor-element elementor-element-89a368d elementor-widget elementor-widget-text-editor\" data-id=\"89a368d\" data-element_type=\"widget\" data-widget_type=\"text-editor.default\">\n\t\t\t\t<div class=\"elementor-widget-container\">\n\t\t\t\t\t\t\t\t\t<p>\u4e0d\uff0c\u4e0d\u9700\u8981\u4f1a\u8bf4\u82f1\u8bed\u5c31\u53ef\u4ee5\u8fdb\u5165\u6211\u4eec\u7684\u4e2d\u5fc3\u3002\u6211\u4eec\u63d0\u4f9b\u6821\u5185\u548c\u5bb6\u5ead\u4f5c\u4e1a\u65b9\u9762\u7684\u652f\u6301\uff0c\u5e76\u4e14\u53ef\u4ee5\u5e2e\u52a9\u9700\u8981\u989d\u5916\u8bed\u8a00\u6280\u80fd\u652f\u6301\u7684\u5b66\u751f\u3002\u6211\u4eec\u7684\u8bb8\u591a\u8001\u5e08\uff0c\u5373\u4f7f\u662f\u6bcd\u8bed\u4eba\u58eb\uff0c\u4e5f\u80fd\u591f\u7528\u897f\u73ed\u7259\u8bed\u4ea4\u6d41\uff0c\u5982\u679c\u4e0d\u80fd\uff0c\u6211\u4eec\u4e5f\u6709\u7ffb\u8bd1\u4eba\u5458\u53ef\u4f9b\u9009\u62e9\u3002<\/p>\t\t\t\t\t\t\t\t<\/div>\n\t\t\t\t<\/div>\n\t\t\t\t<\/div>\n\t\t\t\t\t<\/details>\n\t\t\t\t\t\t<details id=\"e-n-accordion-item-2183\" class=\"e-n-accordion-item\" >\n\t\t\t\t<summary class=\"e-n-accordion-item-title\" data-accordion-index=\"4\" tabindex=\"-1\" aria-expanded=\"false\" aria-controls=\"e-n-accordion-item-2183\" >\n\t\t\t\t\t<span class='e-n-accordion-item-title-header'><div class=\"e-n-accordion-item-title-text\"> \u5982\u679c\u6211\u5c06\u5b69\u5b50\u8f6c\u5230\u897f\u73ed\u7259\u6559\u80b2\u4f53\u7cfb\u6216\u5176\u4ed6\u7c7b\u578b\u7684\u5b66\u6821\u4f1a\u600e\u6837\uff1f <\/div><\/span>\n\t\t\t\t\t\t\t<span class='e-n-accordion-item-title-icon'>\n\t\t\t<span class='e-opened' ><svg aria-hidden=\"true\" class=\"e-font-icon-svg e-fas-caret-up\" viewbox=\"0 0 320 512\" xmlns=\"http:\/\/www.w3.org\/2000\/svg\"><path d=\"M288.662 352H31.338c-17.818 0-26.741-21.543-14.142-34.142l128.662-128.662c7.81-7.81 20.474-7.81 28.284 0l128.662 128.662c12.6 12.599 3.676 34.142-14.142 34.142z\"><\/path><\/svg><\/span>\n\t\t\t<span class='e-closed'><svg aria-hidden=\"true\" class=\"e-font-icon-svg e-fas-caret-down\" viewbox=\"0 0 320 512\" xmlns=\"http:\/\/www.w3.org\/2000\/svg\"><path d=\"M31.3 192h257.3c17.8 0 26.7 21.5 14.1 34.1L174.1 354.8c-7.8 7.8-20.5 7.8-28.3 0L17.2 226.1C4.6 213.5 13.5 192 31.3 192z\"><\/path><\/svg><\/span>\n\t\t<\/span>\n\n\t\t\t\t\t\t<\/summary>\n\t\t\t\t<div role=\"region\" aria-labelledby=\"e-n-accordion-item-2183\" class=\"elementor-element elementor-element-7c1f410 e-con-full e-flex e-con e-child\" data-id=\"7c1f410\" data-element_type=\"container\">\n\t\t\t\t<div class=\"elementor-element elementor-element-98e2352 elementor-widget elementor-widget-text-editor\" data-id=\"98e2352\" data-element_type=\"widget\" data-widget_type=\"text-editor.default\">\n\t\t\t\t<div class=\"elementor-widget-container\">\n\t\t\t\t\t\t\t\t\t<p>\u60a8\u7684\u5b69\u5b50\u5fc5\u987b\u88ab\u5f55\u53d6\u5230\u9002\u5408\u5176\u5e74\u9f84\u3001\u5e74\u7ea7\u6216\u6c34\u5e73\u7684\u5b66\u6821\u3002\u60a8\u53ef\u4ee5\u5728\u6559\u80b2\u7684\u4efb\u4f55\u9636\u6bb5\u7ee7\u7eed\u5c31\u8bfb\u6216\u8f6c\u5b66\u5230\u897f\u73ed\u7259\u6216\u5176\u4ed6\u56fd\u5bb6\u7684\u5b66\u6821\u3002<\/p>\t\t\t\t\t\t\t\t<\/div>\n\t\t\t\t<\/div>\n\t\t\t\t<\/div>\n\t\t\t\t\t<\/details>\n\t\t\t\t\t<\/div>\n\t\t\t\t\t\t<\/div>\n\t\t\t\t<\/div>\n\t\t\t\t\t<\/div>\n\t\t\t\t<\/div>\n\t\t\t\t<\/div>","protected":false},"excerpt":{"rendered":"<p>Curr\u00edculo En nuestro colegio, seguimos un curr\u00edculo de alta calidad que combina lo mejor del sistema brit\u00e1nico y espa\u00f1ol, ofreciendo: Enfoque en el desarrollo integral del estudiante. Curr\u00edculo flexible adaptado a las necesidades y habilidades particulares de cada alumno. Evaluaci\u00f3n continua y el aprendizaje personalizado. Preparaci\u00f3n para un entorno globalizado. Promoci\u00f3n de valores y pensamiento [&hellip;]<\/p>","protected":false},"author":1,"featured_media":0,"parent":0,"menu_order":0,"comment_status":"closed","ping_status":"closed","template":"elementor_header_footer","meta":{"_joinchat":[],"footnotes":""},"class_list":["post-362","page","type-page","status-publish","hentry"],"_links":{"self":[{"href":"https:\/\/saintangelainternationalschoolsevilla.com\/zh\/wp-json\/wp\/v2\/pages\/362","targetHints":{"allow":["GET"]}}],"collection":[{"href":"https:\/\/saintangelainternationalschoolsevilla.com\/zh\/wp-json\/wp\/v2\/pages"}],"about":[{"href":"https:\/\/saintangelainternationalschoolsevilla.com\/zh\/wp-json\/wp\/v2\/types\/page"}],"author":[{"embeddable":true,"href":"https:\/\/saintangelainternationalschoolsevilla.com\/zh\/wp-json\/wp\/v2\/users\/1"}],"replies":[{"embeddable":true,"href":"https:\/\/saintangelainternationalschoolsevilla.com\/zh\/wp-json\/wp\/v2\/comments?post=362"}],"version-history":[{"count":85,"href":"https:\/\/saintangelainternationalschoolsevilla.com\/zh\/wp-json\/wp\/v2\/pages\/362\/revisions"}],"predecessor-version":[{"id":2264,"href":"https:\/\/saintangelainternationalschoolsevilla.com\/zh\/wp-json\/wp\/v2\/pages\/362\/revisions\/2264"}],"wp:attachment":[{"href":"https:\/\/saintangelainternationalschoolsevilla.com\/zh\/wp-json\/wp\/v2\/media?parent=362"}],"curies":[{"name":"wp","href":"https:\/\/api.w.org\/{rel}","templated":true}]}}