{"id":395,"date":"2025-03-07T11:32:40","date_gmt":"2025-03-07T11:32:40","guid":{"rendered":"https:\/\/saintangelainternationalschoolsevilla.com\/?page_id=395"},"modified":"2026-02-10T19:54:23","modified_gmt":"2026-02-10T19:54:23","slug":"bachillerato","status":"publish","type":"page","link":"https:\/\/saintangelainternationalschoolsevilla.com\/zh\/bachillerato\/","title":{"rendered":"\u5b66\u58eb\u5b66\u4f4d"},"content":{"rendered":"<div data-elementor-type=\"wp-page\" data-elementor-id=\"395\" class=\"elementor elementor-395\" data-elementor-post-type=\"page\">\n\t\t\t\t\t\t<section class=\"elementor-section elementor-top-section elementor-element elementor-element-5abd338 elementor-section-content-middle elementor-section-boxed elementor-section-height-default elementor-section-height-default\" data-id=\"5abd338\" data-element_type=\"section\" data-settings=\"{&quot;background_background&quot;:&quot;classic&quot;}\">\n\t\t\t\t\t\t\t<div class=\"elementor-background-overlay\"><\/div>\n\t\t\t\t\t\t\t<div class=\"elementor-container elementor-column-gap-default\">\n\t\t\t\t\t<div class=\"elementor-column elementor-col-100 elementor-top-column elementor-element elementor-element-a8958f1\" data-id=\"a8958f1\" data-element_type=\"column\" data-settings=\"{&quot;background_background&quot;:&quot;classic&quot;}\">\n\t\t\t<div class=\"elementor-widget-wrap elementor-element-populated\">\n\t\t\t\t\t\t<div class=\"elementor-element elementor-element-39ccd39 elementor-widget elementor-widget-heading\" data-id=\"39ccd39\" data-element_type=\"widget\" data-widget_type=\"heading.default\">\n\t\t\t\t<div class=\"elementor-widget-container\">\n\t\t\t\t\t<h2 class=\"elementor-heading-title elementor-size-default\">\u5b66\u58eb\u5b66\u4f4d<\/h2>\t\t\t\t<\/div>\n\t\t\t\t<\/div>\n\t\t\t\t<div class=\"elementor-element elementor-element-690cc0d elementor-widget elementor-widget-text-editor\" data-id=\"690cc0d\" data-element_type=\"widget\" data-widget_type=\"text-editor.default\">\n\t\t\t\t<div class=\"elementor-widget-container\">\n\t\t\t\t\t\t\t\t\t<p>Colegio Brit\u00e1nico en Sevilla<\/p>\t\t\t\t\t\t\t\t<\/div>\n\t\t\t\t<\/div>\n\t\t\t\t\t<\/div>\n\t\t<\/div>\n\t\t\t\t\t<\/div>\n\t\t<\/section>\n\t\t<div class=\"elementor-element elementor-element-2b996d7 elementor-hidden-desktop elementor-hidden-tablet elementor-hidden-mobile e-flex e-con-boxed e-con e-parent\" data-id=\"2b996d7\" data-element_type=\"container\">\n\t\t\t\t\t<div class=\"e-con-inner\">\n\t\t\t\t<div class=\"elementor-element elementor-element-a174337 elementor-widget elementor-widget-shortcode\" data-id=\"a174337\" data-element_type=\"widget\" data-widget_type=\"shortcode.default\">\n\t\t\t\t<div class=\"elementor-widget-container\">\n\t\t\t\t\t\t\t<div class=\"elementor-shortcode\">\t\t<div data-elementor-type=\"container\" data-elementor-id=\"2116\" class=\"elementor elementor-2116\" data-elementor-post-type=\"elementor_library\">\n\t\t\t\t<div class=\"elementor-element elementor-element-78d81a2 e-flex e-con-boxed e-con e-parent\" data-id=\"78d81a2\" data-element_type=\"container\" data-settings=\"{&quot;background_background&quot;:&quot;classic&quot;}\">\n\t\t\t\t\t<div class=\"e-con-inner\">\n\t\t<div class=\"elementor-element elementor-element-474545d e-con-full e-flex e-con e-child\" data-id=\"474545d\" data-element_type=\"container\">\n\t\t\t\t<div class=\"elementor-element elementor-element-6d9ced7 elementor-widget elementor-widget-heading\" data-id=\"6d9ced7\" data-element_type=\"widget\" data-widget_type=\"heading.default\">\n\t\t\t\t<div class=\"elementor-widget-container\">\n\t\t\t\t\t<h2 class=\"elementor-heading-title elementor-size-default\">\u00a1Oferta especial de matr\u00edcula por nueva apertura! V\u00e1lida hasta el 30 de abril.<\/h2>\t\t\t\t<\/div>\n\t\t\t\t<\/div>\n\t\t\t\t<div class=\"elementor-element elementor-element-f762f20 elementor-widget elementor-widget-heading\" data-id=\"f762f20\" data-element_type=\"widget\" data-widget_type=\"heading.default\">\n\t\t\t\t<div class=\"elementor-widget-container\">\n\t\t\t\t\t<h2 class=\"elementor-heading-title elementor-size-default\">\u901a\u8fc7\u4ee5\u4e0b\u8868\u683c\u7ed9\u6211\u4eec\u7559\u8a00<\/h2>\t\t\t\t<\/div>\n\t\t\t\t<\/div>\n\t\t<div class=\"elementor-element elementor-element-bc2544d e-con-full e-flex e-con e-child\" data-id=\"bc2544d\" data-element_type=\"container\">\n\t\t<div class=\"elementor-element elementor-element-771badd e-con-full e-flex e-con e-child\" data-id=\"771badd\" data-element_type=\"container\">\n\t\t\t\t<div class=\"elementor-element elementor-element-300523f elementor-widget elementor-widget-heading\" data-id=\"300523f\" data-element_type=\"widget\" data-widget_type=\"heading.default\">\n\t\t\t\t<div class=\"elementor-widget-container\">\n\t\t\t\t\t<h2 class=\"elementor-heading-title elementor-size-default\">\u91cd\u8981\u4fe1\u606f<\/h2>\t\t\t\t<\/div>\n\t\t\t\t<\/div>\n\t\t\t\t<div class=\"elementor-element elementor-element-863b558 elementor-icon-list--layout-traditional elementor-list-item-link-full_width elementor-widget elementor-widget-icon-list\" data-id=\"863b558\" data-element_type=\"widget\" data-widget_type=\"icon-list.default\">\n\t\t\t\t<div class=\"elementor-widget-container\">\n\t\t\t\t\t\t\t<ul class=\"elementor-icon-list-items\">\n\t\t\t\t\t\t\t<li class=\"elementor-icon-list-item\">\n\t\t\t\t\t\t\t\t\t\t\t<span class=\"elementor-icon-list-icon\">\n\t\t\t\t\t\t\t<i aria-hidden=\"true\" class=\"jki jki-phone-solid\"><\/i>\t\t\t\t\t\t<\/span>\n\t\t\t\t\t\t\t\t\t\t<span class=\"elementor-icon-list-text\"><b>\u7535\u8bdd:<\/b> +(34) 639-227-458<\/span>\n\t\t\t\t\t\t\t\t\t<\/li>\n\t\t\t\t\t\t\t\t<li class=\"elementor-icon-list-item\">\n\t\t\t\t\t\t\t\t\t\t\t<span class=\"elementor-icon-list-icon\">\n\t\t\t\t\t\t\t<svg aria-hidden=\"true\" class=\"e-font-icon-svg e-far-envelope-open\" viewbox=\"0 0 512 512\" xmlns=\"http:\/\/www.w3.org\/2000\/svg\"><path d=\"M494.586 164.516c-4.697-3.883-111.723-89.95-135.251-108.657C337.231 38.191 299.437 0 256 0c-43.205 0-80.636 37.717-103.335 55.859-24.463 19.45-131.07 105.195-135.15 108.549A48.004 48.004 0 0 0 0 201.485V464c0 26.51 21.49 48 48 48h416c26.51 0 48-21.49 48-48V201.509a48 48 0 0 0-17.414-36.993zM464 458a6 6 0 0 1-6 6H54a6 6 0 0 1-6-6V204.347c0-1.813.816-3.526 2.226-4.665 15.87-12.814 108.793-87.554 132.364-106.293C200.755 78.88 232.398 48 256 48c23.693 0 55.857 31.369 73.41 45.389 23.573 18.741 116.503 93.493 132.366 106.316a5.99 5.99 0 0 1 2.224 4.663V458zm-31.991-187.704c4.249 5.159 3.465 12.795-1.745 16.981-28.975 23.283-59.274 47.597-70.929 56.863C336.636 362.283 299.205 400 256 400c-43.452 0-81.287-38.237-103.335-55.86-11.279-8.967-41.744-33.413-70.927-56.865-5.21-4.187-5.993-11.822-1.745-16.981l15.258-18.528c4.178-5.073 11.657-5.843 16.779-1.726 28.618 23.001 58.566 47.035 70.56 56.571C200.143 320.631 232.307 352 256 352c23.602 0 55.246-30.88 73.41-45.389 11.994-9.535 41.944-33.57 70.563-56.568 5.122-4.116 12.601-3.346 16.778 1.727l15.258 18.526z\"><\/path><\/svg>\t\t\t\t\t\t<\/span>\n\t\t\t\t\t\t\t\t\t\t<span class=\"elementor-icon-list-text\"><b>\u7535\u5b50\u90ae\u4ef6:<\/b>  info@saintangelainternationalschoolsevilla.com<\/span>\n\t\t\t\t\t\t\t\t\t<\/li>\n\t\t\t\t\t\t\t\t<li class=\"elementor-icon-list-item\">\n\t\t\t\t\t\t\t\t\t\t\t<span class=\"elementor-icon-list-icon\">\n\t\t\t\t\t\t\t<i aria-hidden=\"true\" class=\"jki jki-graduation-cap-solid\"><\/i>\t\t\t\t\t\t<\/span>\n\t\t\t\t\t\t\t\t\t\t<span class=\"elementor-icon-list-text\"><b>\u62db\u751f<\/b> admissions@stangelainternationalschoolsevilla.com<\/span>\n\t\t\t\t\t\t\t\t\t<\/li>\n\t\t\t\t\t\t\t\t<li class=\"elementor-icon-list-item\">\n\t\t\t\t\t\t\t\t\t\t\t<a href=\"https:\/\/maps.app.goo.gl\/F3HPf4gdBr2As2S46\" target=\"_blank\">\n\n\t\t\t\t\t\t\t\t\t\t\t\t<span class=\"elementor-icon-list-icon\">\n\t\t\t\t\t\t\t<i aria-hidden=\"true\" class=\"jki jki-map-marker1-light\"><\/i>\t\t\t\t\t\t<\/span>\n\t\t\t\t\t\t\t\t\t\t<span class=\"elementor-icon-list-text\"><b>\u5730\u5740\uff1a<\/b>: Calle Canarias, 269 (Parque empresarial Los Llanos, Salteras-Sevilla), frente a La Cartuja de Sevilla.<\/span>\n\t\t\t\t\t\t\t\t\t\t\t<\/a>\n\t\t\t\t\t\t\t\t\t<\/li>\n\t\t\t\t\t\t<\/ul>\n\t\t\t\t\t\t<\/div>\n\t\t\t\t<\/div>\n\t\t\t\t<\/div>\n\t\t\t\t<\/div>\n\t\t\t\t<\/div>\n\t\t<div class=\"elementor-element elementor-element-f8bebbf e-con-full e-flex e-con e-child\" data-id=\"f8bebbf\" data-element_type=\"container\" data-settings=\"{&quot;background_background&quot;:&quot;classic&quot;}\">\n\t\t\t\t<div class=\"elementor-element elementor-element-fa080bc elementor-button-align-stretch elementor-widget elementor-widget-form\" data-id=\"fa080bc\" data-element_type=\"widget\" data-settings=\"{&quot;step_next_label&quot;:&quot;Next&quot;,&quot;step_previous_label&quot;:&quot;Previous&quot;,&quot;button_width&quot;:&quot;100&quot;,&quot;step_type&quot;:&quot;number_text&quot;,&quot;step_icon_shape&quot;:&quot;circle&quot;}\" data-widget_type=\"form.default\">\n\t\t\t\t<div class=\"elementor-widget-container\">\n\t\t\t\t\t\t\t<form class=\"elementor-form\" method=\"post\" name=\"New Form\" action=\"\">\n\t\t\t<input type=\"hidden\" name=\"post_id\" value=\"2116\"\/>\n\t\t\t<input type=\"hidden\" name=\"form_id\" value=\"fa080bc\"\/>\n\t\t\t<input type=\"hidden\" name=\"referer_title\" value=\"Primaria\" \/>\n\n\t\t\t\t\t\t\t<input type=\"hidden\" name=\"queried_id\" value=\"389\"\/>\n\t\t\t\n\t\t\t<div class=\"elementor-form-fields-wrapper elementor-labels-above\">\n\t\t\t\t\t\t\t\t<div class=\"elementor-field-type-text elementor-field-group elementor-column elementor-field-group-name elementor-col-100\">\n\t\t\t\t\t\t\t\t\t\t\t\t\t<input size=\"1\" type=\"text\" name=\"form_fields[name]\" id=\"form-field-name\" class=\"elementor-field elementor-size-sm  elementor-field-textual\" placeholder=\"\u59d3\u540d\">\n\t\t\t\t\t\t\t\t\t\t\t<\/div>\n\t\t\t\t\t\t\t\t<div class=\"elementor-field-type-number elementor-field-group elementor-column elementor-field-group-email elementor-col-100 elementor-field-required\">\n\t\t\t\t\t\t\t\t<input type=\"number\" name=\"form_fields[email]\" id=\"form-field-email\" class=\"elementor-field elementor-size-sm  elementor-field-textual\" placeholder=\"\u7535\u8bdd\" required=\"required\" min=\"\" max=\"\" >\n\t\t\t\t\t\t<\/div>\n\t\t\t\t\t\t\t\t<div class=\"elementor-field-type-email elementor-field-group elementor-column elementor-field-group-field_b9f1af0 elementor-col-100 elementor-field-required\">\n\t\t\t\t\t\t\t\t\t\t\t\t\t<input size=\"1\" type=\"email\" name=\"form_fields[field_b9f1af0]\" id=\"form-field-field_b9f1af0\" class=\"elementor-field elementor-size-sm  elementor-field-textual\" placeholder=\"\u7535\u5b50\u90ae\u4ef6\" required=\"required\">\n\t\t\t\t\t\t\t\t\t\t\t<\/div>\n\t\t\t\t\t\t\t\t<div class=\"elementor-field-type-textarea elementor-field-group elementor-column elementor-field-group-message elementor-col-100\">\n\t\t\t\t\t<textarea class=\"elementor-field-textual elementor-field  elementor-size-sm\" name=\"form_fields[message]\" id=\"form-field-message\" rows=\"4\" placeholder=\"\u7559\u8a00\"><\/textarea>\t\t\t\t<\/div>\n\t\t\t\t\t\t\t\t<div class=\"elementor-field-type-acceptance elementor-field-group elementor-column elementor-field-group-field_7ae7a0b elementor-col-100\">\n\t\t\t\t\t\t\t<div class=\"elementor-field-subgroup\">\n\t\t\t<span class=\"elementor-field-option\">\n\t\t\t\t<input type=\"checkbox\" name=\"form_fields[field_7ae7a0b]\" id=\"form-field-field_7ae7a0b\" class=\"elementor-field elementor-size-sm  elementor-acceptance-field\">\n\t\t\t\t<label for=\"form-field-field_7ae7a0b\">\u52fe\u9009\u6b64\u6846\u8868\u793a\u6211\u540c\u610f\u9690\u79c1\u653f\u7b56\u548c\u6761\u6b3e\u3002<\/label>\t\t\t<\/span>\n\t\t<\/div>\n\t\t\t\t\t\t<\/div>\n\t\t\t\t\t\t\t\t<div class=\"elementor-field-group elementor-column elementor-field-type-submit elementor-col-100 e-form__buttons\">\n\t\t\t\t\t<button class=\"elementor-button elementor-size-sm\" type=\"submit\">\n\t\t\t\t\t\t<span class=\"elementor-button-content-wrapper\">\n\t\t\t\t\t\t\t\t\t\t\t\t\t\t\t\t\t\t\t\t\t\t<span class=\"elementor-button-text\">\u53d1\u9001\u4fe1\u606f<\/span>\n\t\t\t\t\t\t\t\t\t\t\t\t\t<\/span>\n\t\t\t\t\t<\/button>\n\t\t\t\t<\/div>\n\t\t\t<\/div>\n\t\t<input type=\"hidden\" name=\"trp-form-language\" value=\"zh\"\/><\/form>\n\t\t\t\t\t\t<\/div>\n\t\t\t\t<\/div>\n\t\t\t\t<\/div>\n\t\t\t\t\t<\/div>\n\t\t\t\t<\/div>\n\t\t\t\t<\/div>\n\t\t<\/div>\n\t\t\t\t\t\t<\/div>\n\t\t\t\t<\/div>\n\t\t\t\t\t<\/div>\n\t\t\t\t<\/div>\n\t\t<div class=\"elementor-element elementor-element-708d361 e-flex e-con-boxed e-con e-parent\" data-id=\"708d361\" data-element_type=\"container\" data-settings=\"{&quot;background_background&quot;:&quot;classic&quot;}\">\n\t\t\t\t\t<div class=\"e-con-inner\">\n\t\t<div class=\"elementor-element elementor-element-1145a45 e-con-full e-flex e-con e-child\" data-id=\"1145a45\" data-element_type=\"container\">\n\t\t\t\t<div class=\"elementor-element elementor-element-87afabc elementor-widget elementor-widget-heading\" data-id=\"87afabc\" data-element_type=\"widget\" data-widget_type=\"heading.default\">\n\t\t\t\t<div class=\"elementor-widget-container\">\n\t\t\t\t\t<h2 class=\"elementor-heading-title elementor-size-default\">\u5b66\u58eb\u5b66\u4f4d<\/h2>\t\t\t\t<\/div>\n\t\t\t\t<\/div>\n\t\t\t\t<div class=\"elementor-element elementor-element-b6d7be4 elementor-widget elementor-widget-text-editor\" data-id=\"b6d7be4\" data-element_type=\"widget\" data-widget_type=\"text-editor.default\">\n\t\t\t\t<div class=\"elementor-widget-container\">\n\t\t\t\t\t\t\t\t\t<p>\u6211\u4eec\u7684\u6559\u80b2\u6a21\u5f0f\u5c06\u82f1\u56fd\u8bfe\u7a0b\u4e0e\u897f\u73ed\u7259\u79d1\u76ee\u76f8\u7ed3\u5408\uff0c\u4e3a\u6211\u4eec\u7684\u5b66\u751f\u63d0\u4f9b\u4e86\u72ec\u7279\u7684\u4f18\u52bf\uff1a <b>\u4ed6\u4eec\u53ef\u4ee5\u83b7\u5f97\u82f1\u56fd\u548c\u897f\u73ed\u7259\u7684 ESO\uff08\u4e49\u52a1\u4e2d\u5b66\u6559\u80b2\uff09\u548c Bachillerato \u8d44\u683c\uff0c<\/b> \u4ece\u800c\u83b7\u5f97\u53cc\u91cd\u8d44\u683c\u3002\u5728\u585e\u7ef4\u5229\u4e9a\u5723\u5b89\u5409\u62c9\u56fd\u9645\u5b66\u6821\u5b8c\u6210\u5b66\u4e1a\u540e\uff0c\u5b66\u751f\u53ef\u4ee5\u76f4\u63a5\u8fdb\u5165\u82f1\u56fd\u3001\u56fd\u9645\u6216\u897f\u73ed\u7259\u7684\u5927\u5b66\uff08\u516c\u7acb\u6216\u79c1\u7acb\uff09\u3002<\/p>\t\t\t\t\t\t\t\t<\/div>\n\t\t\t\t<\/div>\n\t\t\t\t<div class=\"elementor-element elementor-element-32ac1ba jkit-equal-height-disable elementor-widget elementor-widget-jkit_icon_box\" data-id=\"32ac1ba\" data-element_type=\"widget\" data-widget_type=\"jkit_icon_box.default\">\n\t\t\t\t<div class=\"elementor-widget-container\">\n\t\t\t\t\t<div  class=\"jeg-elementor-kit jkit-icon-box icon-position-left elementor-animation- jeg_module___69e64395321d3\" ><div class=\"jkit-icon-box-wrapper hover-from-left\"><div class=\"icon-box icon-box-header elementor-animation-\"><div class=\"icon style-color\"><i aria-hidden=\"true\" class=\"jki jki-open-book-light\"><\/i><\/div><\/div><div class=\"icon-box icon-box-body\">\n                <p class=\"icon-box-description\">\u6211\u4eec\u6709\u4e00\u4e2a\u90e8\u95e8\u4e13\u95e8\u8d1f\u8d23\u5bf9\u82f1\u56fd\u7814\u7a76\u6210\u679c\u4e0e\u897f\u73ed\u7259\u7814\u7a76\u6210\u679c\u7684\u9a8c\u8bc1\u3002 11 \u5e74\u7ea7\u7ed3\u675f\u65f6\uff0c\u5c06\u5904\u7406 ESO \u8d44\u683c\u7684\u8ba4\u53ef\uff0c13 \u5e74\u7ea7\u7ed3\u675f\u65f6\uff0c\u5c06\u5904\u7406\u897f\u73ed\u7259\u5b66\u58eb\u5b66\u4f4d\u8d44\u683c\u7684\u8ba4\u53ef\u3002<\/p>\n            <\/div>\n            \n            <\/div><\/div>\t\t\t\t<\/div>\n\t\t\t\t<\/div>\n\t\t\t\t<div class=\"elementor-element elementor-element-033fa6c elementor-widget elementor-widget-text-editor\" data-id=\"033fa6c\" data-element_type=\"widget\" data-widget_type=\"text-editor.default\">\n\t\t\t\t<div class=\"elementor-widget-container\">\n\t\t\t\t\t\t\t\t\t<p><strong>\u6211\u4eec\u7684\u9879\u76ee\u8ba1\u5212\u57282026\/2027\u5b66\u5e74\u5f00\u8bbe\u4e03\u5e74\u7ea7\u548c\u516b\u5e74\u7ea7\u8bfe\u7a0b\u3002\u4ece\u4eca\u5e74\u5f00\u59cb\uff0c\u6211\u4eec\u5c06\u6bcf\u5e74\u5728\u8bfe\u7a0b\u8bbe\u7f6e\u4e2d\u589e\u52a0\u4e00\u4e2a\u5e74\u7ea7\u3002<\/strong><\/p>\t\t\t\t\t\t\t\t<\/div>\n\t\t\t\t<\/div>\n\t\t\t\t<\/div>\n\t\t<div class=\"elementor-element elementor-element-0f968e7 e-con-full e-flex e-con e-child\" data-id=\"0f968e7\" data-element_type=\"container\">\n\t\t\t\t<div class=\"elementor-element elementor-element-3d7fe30 elementor-widget elementor-widget-image\" data-id=\"3d7fe30\" data-element_type=\"widget\" data-widget_type=\"image.default\">\n\t\t\t\t<div class=\"elementor-widget-container\">\n\t\t\t\t\t\t\t\t\t\t\t\t\t\t\t<img fetchpriority=\"high\" decoding=\"async\" width=\"1000\" height=\"667\" src=\"https:\/\/saintangelainternationalschoolsevilla.com\/wp-content\/uploads\/2025\/03\/2148586601.jpg\" class=\"elementor-animation-shrink attachment-full size-full wp-image-676\" alt=\"\" srcset=\"https:\/\/saintangelainternationalschoolsevilla.com\/wp-content\/uploads\/2025\/03\/2148586601.jpg 1000w, https:\/\/saintangelainternationalschoolsevilla.com\/wp-content\/uploads\/2025\/03\/2148586601-300x200.jpg 300w, https:\/\/saintangelainternationalschoolsevilla.com\/wp-content\/uploads\/2025\/03\/2148586601-768x512.jpg 768w\" sizes=\"(max-width: 1000px) 100vw, 1000px\" \/>\t\t\t\t\t\t\t\t\t\t\t\t\t\t\t<\/div>\n\t\t\t\t<\/div>\n\t\t\t\t<\/div>\n\t\t\t\t\t<\/div>\n\t\t\t\t<\/div>\n\t\t<div class=\"elementor-element elementor-element-2ae92bb e-con-full e-flex e-con e-parent\" data-id=\"2ae92bb\" data-element_type=\"container\">\n\t\t<div class=\"elementor-element elementor-element-8ddbde7 e-con-full e-flex e-con e-child\" data-id=\"8ddbde7\" data-element_type=\"container\" data-settings=\"{&quot;background_background&quot;:&quot;classic&quot;}\">\n\t\t\t\t<div class=\"elementor-element elementor-element-32dd714 elementor-widget elementor-widget-heading\" data-id=\"32dd714\" data-element_type=\"widget\" data-widget_type=\"heading.default\">\n\t\t\t\t<div class=\"elementor-widget-container\">\n\t\t\t\t\t<h2 class=\"elementor-heading-title elementor-size-default\">\u516d\u5e74\u7ea7\u6216\u5173\u952e\u9636\u6bb5 5\uff0816-18 \u5c81\uff09<\/h2>\t\t\t\t<\/div>\n\t\t\t\t<\/div>\n\t\t\t\t<div class=\"elementor-element elementor-element-b673510 elementor-widget__width-initial elementor-widget elementor-widget-text-editor\" data-id=\"b673510\" data-element_type=\"widget\" data-widget_type=\"text-editor.default\">\n\t\t\t\t<div class=\"elementor-widget-container\">\n\t\t\t\t\t\t\t\t\t<p><span style=\"font-weight: 400;\">1. \u6211\u4eec\u7684\u5927\u5b66\u9884\u79d1\u751f\u5c06\u5b66\u4e60\u66f4\u4e13\u4e1a\u3001\u66f4\u5148\u8fdb\u7684\u8bfe\u7a0b\uff0c\u4e3a\u4ed6\u4eec\u8fdb\u5165\u5927\u5b66\u540e\u5e94\u5bf9\u672a\u6765\u7684\u6311\u6218\u505a\u597d\u51c6\u5907\u3002\u5728\u585e\u7ef4\u5229\u4e9a\u5723\u5b89\u5409\u62c9\u56fd\u9645\u5b66\u6821\u7684\u7b2c\u4e00\u5e74\uff0c\u6211\u4eec\u4e3a\u6bcf\u4f4d\u5b66\u751f\u5236\u5b9a\u4e86\u5b9a\u5236\u7684\u8bfe\u7a0b\u3002\u5982\u679c\u60a8\u611f\u5174\u8da3\uff0c\u6211\u9f13\u52b1\u60a8\u4e0e\u6211\u4eec\u8054\u7cfb\uff0c\u4ee5\u4fbf\u6211\u4eec\u5411\u60a8\u53d1\u9001\u7533\u8bf7\u8868\u3002\u60a8\u9700\u8981\u586b\u5199\u60a8\u611f\u5174\u8da3\u7684\u79d1\u76ee\uff0c\u6211\u4eec\u4f1a\u4ee5\u4e2a\u6027\u5316\u7684\u65b9\u5f0f\u4e0e\u60a8\u8ba8\u8bba\u60a8\u7684\u6559\u80b2\u9009\u62e9\u3002<\/span><\/p><p>2. \u5b66\u751f\u5fc5\u987b\u53c2\u52a0AS\/A-Level\u8003\u8bd5\u624d\u80fd\u53d6\u5f97\u666e\u901a\u6559\u80b2\u8bc1\u4e66\uff08GCE\uff09\u3002\u6240\u6709\u5b66\u751f\u5728\u5b8c\u6210\u5b66\u4e1a\u540e\u90fd\u5c06\u83b7\u5f97\u4e24\u4efd\u5b98\u65b9\u8bc1\u4e66\uff0c\u4e00\u4efd\u662f\u82f1\u56fd AS\/A-Level \u4f53\u7cfb\u7684\u8bc1\u4e66\uff0c\u53e6\u4e00\u4efd\u662f\u897f\u73ed\u7259\u5b66\u58eb\u5b66\u4f4d\u8bc1\u4e66\u3002<\/p>\t\t\t\t\t\t\t\t<\/div>\n\t\t\t\t<\/div>\n\t\t\t\t<\/div>\n\t\t<div class=\"elementor-element elementor-element-f49ebd4 e-con-full e-flex e-con e-child\" data-id=\"f49ebd4\" data-element_type=\"container\" data-settings=\"{&quot;background_background&quot;:&quot;classic&quot;}\">\n\t\t\t\t<div class=\"elementor-element elementor-element-5d5a61b elementor-widget elementor-widget-text-editor\" data-id=\"5d5a61b\" data-element_type=\"widget\" data-widget_type=\"text-editor.default\">\n\t\t\t\t<div class=\"elementor-widget-container\">\n\t\t\t\t\t\t\t\t\t<p><strong>\u4e3a\u5927\u5b66\u9884\u79d1\u6559\u80b2\u505a\u597d\u51c6\u5907<\/strong><\/p><p><span style=\"font-weight: 400;\">3.\u585e\u7ef4\u5229\u4e9a\u5723\u5b89\u5409\u62c9\u56fd\u9645\u5b66\u6821\u5b66\u58eb\u5b66\u4f4d\u8bfe\u7a0b\u5c06\u8868\u8fbe\u8fde\u901a\u6027\u548c\u878d\u5408\u6027\u7684\u7406\u5ff5\uff0c\u5f3a\u8c03\u6559\u80b2\u548c\u77e5\u8bc6\u4e0d\u540c\u65b9\u9762\u4e4b\u95f4\u7684\u5173\u7cfb\u3002<\/span><\/p><p><span style=\"font-weight: 400;\">4.\u5b83\u5c06\u6539\u5584\u6211\u4eec\u5b66\u751f\u7684\u5b66\u4e60\u4f53\u9a8c\uff0c\u56e0\u4e3a\u4ed6\u4eec\u5c06\u80fd\u591f\u57f9\u517b\u4ed6\u4eec\u7684\u72ec\u7acb\u6027\u3001\u8d23\u4efb\u611f\u548c\u79ef\u6781\u6027\u3002<\/span><\/p><p><span style=\"font-weight: 400;\">5. \u5b66\u751f\u5c06\u638c\u63e1\u672a\u6765\u804c\u4e1a\u751f\u6daf\u6240\u9700\u7684\u6280\u80fd\uff0c\u5e76\u901a\u8fc7\u6279\u5224\u6027\u601d\u7ef4\u3001\u6709\u6548\u6c9f\u901a\u548c\u56e2\u961f\u5408\u4f5c\u8fdb\u884c\u7ec8\u8eab\u5b66\u4e60\u2014\u2014\u8fd9\u4e9b\u90fd\u662f\u5728\u4e0d\u65ad\u53d8\u5316\u7684\u4e16\u754c\u4e2d\u84ec\u52c3\u53d1\u5c55\u7684\u5fc5\u5907\u5de5\u5177\u3002<\/span><\/p>\t\t\t\t\t\t\t\t<\/div>\n\t\t\t\t<\/div>\n\t\t\t\t<\/div>\n\t\t\t\t<\/div>\n\t\t\t\t<\/div>","protected":false},"excerpt":{"rendered":"<p>Bachillerato Colegio Brit\u00e1nico en Sevilla Bachillerato Nuestro modelo educativo, que combina el curr\u00edculo brit\u00e1nico con asignaturas espa\u00f1olas, ofrece a nuestros estudiantes una ventaja \u00fanica: obtener tanto la titulaci\u00f3n brit\u00e1nica como la titulaci\u00f3n espa\u00f1ola de la ESO (Educaci\u00f3n Secundaria Obligatoria) y Bachillerato, lo que resulta en una doble titulaci\u00f3n. Al finalizar sus estudios en St. Angela [&hellip;]<\/p>","protected":false},"author":1,"featured_media":0,"parent":0,"menu_order":0,"comment_status":"closed","ping_status":"closed","template":"elementor_header_footer","meta":{"_joinchat":[],"footnotes":""},"class_list":["post-395","page","type-page","status-publish","hentry"],"_links":{"self":[{"href":"https:\/\/saintangelainternationalschoolsevilla.com\/zh\/wp-json\/wp\/v2\/pages\/395","targetHints":{"allow":["GET"]}}],"collection":[{"href":"https:\/\/saintangelainternationalschoolsevilla.com\/zh\/wp-json\/wp\/v2\/pages"}],"about":[{"href":"https:\/\/saintangelainternationalschoolsevilla.com\/zh\/wp-json\/wp\/v2\/types\/page"}],"author":[{"embeddable":true,"href":"https:\/\/saintangelainternationalschoolsevilla.com\/zh\/wp-json\/wp\/v2\/users\/1"}],"replies":[{"embeddable":true,"href":"https:\/\/saintangelainternationalschoolsevilla.com\/zh\/wp-json\/wp\/v2\/comments?post=395"}],"version-history":[{"count":124,"href":"https:\/\/saintangelainternationalschoolsevilla.com\/zh\/wp-json\/wp\/v2\/pages\/395\/revisions"}],"predecessor-version":[{"id":2285,"href":"https:\/\/saintangelainternationalschoolsevilla.com\/zh\/wp-json\/wp\/v2\/pages\/395\/revisions\/2285"}],"wp:attachment":[{"href":"https:\/\/saintangelainternationalschoolsevilla.com\/zh\/wp-json\/wp\/v2\/media?parent=395"}],"curies":[{"name":"wp","href":"https:\/\/api.w.org\/{rel}","templated":true}]}}