{"id":439,"date":"2025-03-07T13:08:59","date_gmt":"2025-03-07T13:08:59","guid":{"rendered":"https:\/\/saintangelainternationalschoolsevilla.com\/?page_id=439"},"modified":"2025-03-18T17:09:03","modified_gmt":"2025-03-18T17:09:03","slug":"bienestar-y-apoyo","status":"publish","type":"page","link":"https:\/\/saintangelainternationalschoolsevilla.com\/zh\/bienestar-y-apoyo\/","title":{"rendered":"\u5e78\u798f\u611f\u548c\u652f\u6301"},"content":{"rendered":"<div data-elementor-type=\"wp-page\" data-elementor-id=\"439\" class=\"elementor elementor-439\" data-elementor-post-type=\"page\">\n\t\t\t\t\t\t<section class=\"elementor-section elementor-top-section elementor-element elementor-element-87cd664 elementor-section-content-middle elementor-section-boxed elementor-section-height-default elementor-section-height-default\" data-id=\"87cd664\" data-element_type=\"section\" data-settings=\"{&quot;background_background&quot;:&quot;classic&quot;}\">\n\t\t\t\t\t\t\t<div class=\"elementor-background-overlay\"><\/div>\n\t\t\t\t\t\t\t<div class=\"elementor-container elementor-column-gap-default\">\n\t\t\t\t\t<div class=\"elementor-column elementor-col-100 elementor-top-column elementor-element elementor-element-9b3b7c3\" data-id=\"9b3b7c3\" data-element_type=\"column\" data-settings=\"{&quot;background_background&quot;:&quot;classic&quot;}\">\n\t\t\t<div class=\"elementor-widget-wrap elementor-element-populated\">\n\t\t\t\t\t\t<div class=\"elementor-element elementor-element-4b7efea elementor-widget elementor-widget-heading\" data-id=\"4b7efea\" data-element_type=\"widget\" data-widget_type=\"heading.default\">\n\t\t\t\t<div class=\"elementor-widget-container\">\n\t\t\t\t\t<h2 class=\"elementor-heading-title elementor-size-default\">\u5e78\u798f\u611f\u548c\u652f\u6301<\/h2>\t\t\t\t<\/div>\n\t\t\t\t<\/div>\n\t\t\t\t\t<\/div>\n\t\t<\/div>\n\t\t\t\t\t<\/div>\n\t\t<\/section>\n\t\t\t\t<section class=\"elementor-section elementor-top-section elementor-element elementor-element-4e701ad elementor-section-content-middle elementor-reverse-tablet elementor-reverse-mobile elementor-section-boxed elementor-section-height-default elementor-section-height-default\" data-id=\"4e701ad\" data-element_type=\"section\" data-settings=\"{&quot;background_background&quot;:&quot;classic&quot;}\">\n\t\t\t\t\t\t<div class=\"elementor-container elementor-column-gap-default\">\n\t\t\t\t\t<div class=\"elementor-column elementor-col-50 elementor-top-column elementor-element elementor-element-186aa47\" data-id=\"186aa47\" data-element_type=\"column\">\n\t\t\t<div class=\"elementor-widget-wrap elementor-element-populated\">\n\t\t\t\t\t\t<div class=\"elementor-element elementor-element-456d322 elementor-widget elementor-widget-heading\" data-id=\"456d322\" data-element_type=\"widget\" data-widget_type=\"heading.default\">\n\t\t\t\t<div class=\"elementor-widget-container\">\n\t\t\t\t\t<h2 class=\"elementor-heading-title elementor-size-default\">\u5e78\u798f\u611f\u548c\u652f\u6301<\/h2>\t\t\t\t<\/div>\n\t\t\t\t<\/div>\n\t\t\t\t<div class=\"elementor-element elementor-element-abb609e elementor-widget elementor-widget-text-editor\" data-id=\"abb609e\" data-element_type=\"widget\" data-widget_type=\"text-editor.default\">\n\t\t\t\t<div class=\"elementor-widget-container\">\n\t\t\t\t\t\t\t\t\t<p><span style=\"font-weight: 400;\">\u5b89\u8fbe\u5362\u897f\u4e9a\u5723\u5b89\u5409\u62c9\u56fd\u9645\u5b66\u6821\u662f\u4e00\u6240\u5305\u5bb9\u6027\u5b66\u6821\uff0c <\/span><b>\u91cd\u89c6\u6bcf\u4e00\u4f4d\u5b66\u751f\u53ca\u5176\u5bb6\u5ead\uff0c<\/b><span style=\"font-weight: 400;\">\u8425\u9020\u4e00\u4e2a\u5b89\u5168\u548c\u50cf\u5bb6\u5ead\u4e00\u6837\u7684\u73af\u5883\u3002\u6211\u4eec\u9f13\u52b1\u5bb6\u5ead\u548c\u5b66\u6821\u4e4b\u95f4\u6301\u7eed\u7684\u6c9f\u901a\uff0c\u5e76\u4e14\u6211\u4eec\u5173\u6ce8\u5b69\u5b50\u5728\u5b66\u4e1a\u6210\u5c31\u4e4b\u5916\u7684\u5168\u9762\u53d1\u5c55\u3002\u6211\u4eec\u63d0\u4f9b\u4e00\u4e2a\u57f9\u80b2\u73af\u5883\uff0c\u6fc0\u52b1\u5b66\u751f\u611f\u5230\u5feb\u4e50\u548c\u632f\u594b\u3002<\/span><\/p><p><span style=\"font-weight: 400;\">\u6211\u4eec\u59cb\u7ec8\u4e3a\u5bb6\u957f\u63d0\u4f9b\u670d\u52a1\uff0c\u4fdd\u6301\u5f00\u653e\u653f\u7b56\u5e76\u652f\u6301\u4ed6\u4eec\u7684\u5b66\u672f\u51b3\u7b56\u3002\u6b64\u5916\uff0c\u6211\u4eec\u4fc3\u8fdb\u5bfc\u5e08\u3001 <\/span><b>\u4e3b\u4efb\u548c\u5fc3\u7406\u5b66\u5bb6\u4e4b\u95f4\u7684\u6c9f\u901a\uff0c\u4ee5\u89e3\u51b3\u5b66\u751f\u7684\u793e\u4f1a\u548c\u60c5\u611f\u53d1\u5c55\u95ee\u9898\u3002<\/b><span style=\"font-weight: 400;\">.\u00a0<\/span><\/p>\t\t\t\t\t\t\t\t<\/div>\n\t\t\t\t<\/div>\n\t\t\t\t\t<\/div>\n\t\t<\/div>\n\t\t\t\t<div class=\"elementor-column elementor-col-50 elementor-top-column elementor-element elementor-element-0d422ef\" data-id=\"0d422ef\" data-element_type=\"column\">\n\t\t\t<div class=\"elementor-widget-wrap elementor-element-populated\">\n\t\t\t\t\t\t<div class=\"elementor-element elementor-element-ef607a0 elementor-widget elementor-widget-image\" data-id=\"ef607a0\" data-element_type=\"widget\" data-widget_type=\"image.default\">\n\t\t\t\t<div class=\"elementor-widget-container\">\n\t\t\t\t\t\t\t\t\t\t\t\t\t\t\t<img fetchpriority=\"high\" decoding=\"async\" width=\"1000\" height=\"667\" src=\"https:\/\/saintangelainternationalschoolsevilla.com\/wp-content\/uploads\/2025\/03\/2149110227.jpg\" class=\"elementor-animation-shrink attachment-full size-full wp-image-708\" alt=\"\" srcset=\"https:\/\/saintangelainternationalschoolsevilla.com\/wp-content\/uploads\/2025\/03\/2149110227.jpg 1000w, https:\/\/saintangelainternationalschoolsevilla.com\/wp-content\/uploads\/2025\/03\/2149110227-300x200.jpg 300w, https:\/\/saintangelainternationalschoolsevilla.com\/wp-content\/uploads\/2025\/03\/2149110227-768x512.jpg 768w\" sizes=\"(max-width: 1000px) 100vw, 1000px\" \/>\t\t\t\t\t\t\t\t\t\t\t\t\t\t\t<\/div>\n\t\t\t\t<\/div>\n\t\t\t\t\t<\/div>\n\t\t<\/div>\n\t\t\t\t\t<\/div>\n\t\t<\/section>\n\t\t\t\t<\/div>","protected":false},"excerpt":{"rendered":"<p>Bienestar y apoyo Bienestar y apoyo St. Angela International School Sevilla es una escuela inclusiva que valora a cada estudiante y su familia, creando un ambiente seguro y familiar. Fomentamos una comunicaci\u00f3n constante entre el hogar y la escuela, y nos preocupamos por el desarrollo integral de los ni\u00f1os, m\u00e1s all\u00e1 de los resultados acad\u00e9micos. [&hellip;]<\/p>","protected":false},"author":1,"featured_media":0,"parent":0,"menu_order":0,"comment_status":"closed","ping_status":"closed","template":"elementor_header_footer","meta":{"_joinchat":[],"footnotes":""},"class_list":["post-439","page","type-page","status-publish","hentry"],"_links":{"self":[{"href":"https:\/\/saintangelainternationalschoolsevilla.com\/zh\/wp-json\/wp\/v2\/pages\/439","targetHints":{"allow":["GET"]}}],"collection":[{"href":"https:\/\/saintangelainternationalschoolsevilla.com\/zh\/wp-json\/wp\/v2\/pages"}],"about":[{"href":"https:\/\/saintangelainternationalschoolsevilla.com\/zh\/wp-json\/wp\/v2\/types\/page"}],"author":[{"embeddable":true,"href":"https:\/\/saintangelainternationalschoolsevilla.com\/zh\/wp-json\/wp\/v2\/users\/1"}],"replies":[{"embeddable":true,"href":"https:\/\/saintangelainternationalschoolsevilla.com\/zh\/wp-json\/wp\/v2\/comments?post=439"}],"version-history":[{"count":25,"href":"https:\/\/saintangelainternationalschoolsevilla.com\/zh\/wp-json\/wp\/v2\/pages\/439\/revisions"}],"predecessor-version":[{"id":1905,"href":"https:\/\/saintangelainternationalschoolsevilla.com\/zh\/wp-json\/wp\/v2\/pages\/439\/revisions\/1905"}],"wp:attachment":[{"href":"https:\/\/saintangelainternationalschoolsevilla.com\/zh\/wp-json\/wp\/v2\/media?parent=439"}],"curies":[{"name":"wp","href":"https:\/\/api.w.org\/{rel}","templated":true}]}}