{"id":442,"date":"2025-03-07T13:09:17","date_gmt":"2025-03-07T13:09:17","guid":{"rendered":"https:\/\/saintangelainternationalschoolsevilla.com\/?page_id=442"},"modified":"2026-02-10T19:55:29","modified_gmt":"2026-02-10T19:55:29","slug":"servicios-de-comedor","status":"publish","type":"page","link":"https:\/\/saintangelainternationalschoolsevilla.com\/zh\/servicios-de-comedor\/","title":{"rendered":"\u9910\u996e\u670d\u52a1"},"content":{"rendered":"<div data-elementor-type=\"wp-page\" data-elementor-id=\"442\" class=\"elementor elementor-442\" data-elementor-post-type=\"page\">\n\t\t\t\t\t\t<section class=\"elementor-section elementor-top-section elementor-element elementor-element-af00955 elementor-section-content-middle elementor-section-boxed elementor-section-height-default elementor-section-height-default\" data-id=\"af00955\" data-element_type=\"section\" data-settings=\"{&quot;background_background&quot;:&quot;classic&quot;}\">\n\t\t\t\t\t\t\t<div class=\"elementor-background-overlay\"><\/div>\n\t\t\t\t\t\t\t<div class=\"elementor-container elementor-column-gap-default\">\n\t\t\t\t\t<div class=\"elementor-column elementor-col-100 elementor-top-column elementor-element elementor-element-f5c7473\" data-id=\"f5c7473\" data-element_type=\"column\" data-settings=\"{&quot;background_background&quot;:&quot;classic&quot;}\">\n\t\t\t<div class=\"elementor-widget-wrap elementor-element-populated\">\n\t\t\t\t\t\t<div class=\"elementor-element elementor-element-55b33a1 elementor-widget elementor-widget-heading\" data-id=\"55b33a1\" data-element_type=\"widget\" data-widget_type=\"heading.default\">\n\t\t\t\t<div class=\"elementor-widget-container\">\n\t\t\t\t\t<h2 class=\"elementor-heading-title elementor-size-default\">\u9910\u996e\u670d\u52a1<\/h2>\t\t\t\t<\/div>\n\t\t\t\t<\/div>\n\t\t\t\t\t<\/div>\n\t\t<\/div>\n\t\t\t\t\t<\/div>\n\t\t<\/section>\n\t\t\t\t<section class=\"elementor-section elementor-top-section elementor-element elementor-element-1499f96 elementor-section-content-middle elementor-reverse-tablet elementor-reverse-mobile elementor-section-boxed elementor-section-height-default elementor-section-height-default\" data-id=\"1499f96\" data-element_type=\"section\" data-settings=\"{&quot;background_background&quot;:&quot;classic&quot;}\">\n\t\t\t\t\t\t<div class=\"elementor-container elementor-column-gap-default\">\n\t\t\t\t\t<div class=\"elementor-column elementor-col-50 elementor-top-column elementor-element elementor-element-fac9823\" data-id=\"fac9823\" data-element_type=\"column\">\n\t\t\t<div class=\"elementor-widget-wrap elementor-element-populated\">\n\t\t\t\t\t\t<div class=\"elementor-element elementor-element-a73df69 elementor-widget elementor-widget-heading\" data-id=\"a73df69\" data-element_type=\"widget\" data-widget_type=\"heading.default\">\n\t\t\t\t<div class=\"elementor-widget-container\">\n\t\t\t\t\t<h2 class=\"elementor-heading-title elementor-size-default\">\u9910\u996e\u670d\u52a1<\/h2>\t\t\t\t<\/div>\n\t\t\t\t<\/div>\n\t\t\t\t<div class=\"elementor-element elementor-element-0f9394a elementor-widget elementor-widget-text-editor\" data-id=\"0f9394a\" data-element_type=\"widget\" data-widget_type=\"text-editor.default\">\n\t\t\t\t<div class=\"elementor-widget-container\">\n\t\t\t\t\t\t\t\t\t<p><span style=\"font-weight: 400;\">\u5728\u5b89\u8fbe\u5362\u897f\u4e9a\u5723\u5b89\u5409\u62c9\u56fd\u9645\u5b66\u6821\uff0c\u6211\u4eec\u5173\u5fc3\u5b66\u751f\u7684\u6574\u4f53\u5065\u5eb7\uff0c\u8fd9\u5c31\u662f\u6211\u4eec\u63d0\u4f9b\u4fdd\u8bc1 <\/span><b>\u5065\u5eb7\u5747\u8861\u996e\u98df\u7684\u9910\u996e\u670d\u52a1\u7684\u539f\u56e0\u3002<\/b><span style=\"font-weight: 400;\">\u6211\u4eec\u7684\u83dc\u5355\u7ecf\u8fc7\u7cbe\u5fc3\u8bbe\u8ba1\uff0c\u63d0\u4f9b\u591a\u6837\u5316\u3001\u8425\u517b\u4e30\u5bcc\u7684\u996e\u98df\uff0c\u6ee1\u8db3\u513f\u7ae5\u7684\u9700\u6c42\uff0c\u9f13\u52b1\u4ed6\u4eec\u4ece\u5c0f\u517b\u6210\u5065\u5eb7\u7684\u996e\u98df\u4e60\u60ef\u3002\u6211\u4eec\u63d0\u4f9b\u6ee1\u8db3\u4e0d\u540c\u996e\u98df\u9700\u6c42\u7684\u9009\u62e9\uff0c\u786e\u4fdd\u6240\u6709\u5b66\u751f\u5728\u6821\u671f\u95f4\u90fd\u80fd\u4eab\u7528\u8425\u517b\u7f8e\u5473\u7684\u81b3\u98df\u3002<\/span><\/p>\t\t\t\t\t\t\t\t<\/div>\n\t\t\t\t<\/div>\n\t\t\t\t\t<\/div>\n\t\t<\/div>\n\t\t\t\t<div class=\"elementor-column elementor-col-50 elementor-top-column elementor-element elementor-element-1f56aac\" data-id=\"1f56aac\" data-element_type=\"column\">\n\t\t\t<div class=\"elementor-widget-wrap elementor-element-populated\">\n\t\t\t\t\t\t<div class=\"elementor-element elementor-element-b79725a elementor-widget elementor-widget-image\" data-id=\"b79725a\" data-element_type=\"widget\" data-widget_type=\"image.default\">\n\t\t\t\t<div class=\"elementor-widget-container\">\n\t\t\t\t\t\t\t\t\t\t\t\t\t\t\t<img fetchpriority=\"high\" decoding=\"async\" width=\"1000\" height=\"667\" src=\"https:\/\/saintangelainternationalschoolsevilla.com\/wp-content\/uploads\/2025\/03\/2149402918.jpg\" class=\"elementor-animation-shrink attachment-full size-full wp-image-694\" alt=\"\" srcset=\"https:\/\/saintangelainternationalschoolsevilla.com\/wp-content\/uploads\/2025\/03\/2149402918.jpg 1000w, https:\/\/saintangelainternationalschoolsevilla.com\/wp-content\/uploads\/2025\/03\/2149402918-300x200.jpg 300w, https:\/\/saintangelainternationalschoolsevilla.com\/wp-content\/uploads\/2025\/03\/2149402918-768x512.jpg 768w\" sizes=\"(max-width: 1000px) 100vw, 1000px\" \/>\t\t\t\t\t\t\t\t\t\t\t\t\t\t\t<\/div>\n\t\t\t\t<\/div>\n\t\t\t\t\t<\/div>\n\t\t<\/div>\n\t\t\t\t\t<\/div>\n\t\t<\/section>\n\t\t\t\t<\/div>","protected":false},"excerpt":{"rendered":"<p>Servicio de comedor Servicio de comedor En St. Angela International School Sevilla, nos preocupamos por el bienestar integral de nuestros estudiantes, por lo que ofrecemos un servicio de comedor que garantiza una alimentaci\u00f3n saludable y equilibrada. Nuestro men\u00fa est\u00e1 cuidadosamente dise\u00f1ado para proporcionar una dieta variada, rica en nutrientes y adaptada a las necesidades de [&hellip;]<\/p>","protected":false},"author":1,"featured_media":0,"parent":0,"menu_order":0,"comment_status":"closed","ping_status":"closed","template":"elementor_header_footer","meta":{"_joinchat":[],"footnotes":""},"class_list":["post-442","page","type-page","status-publish","hentry"],"_links":{"self":[{"href":"https:\/\/saintangelainternationalschoolsevilla.com\/zh\/wp-json\/wp\/v2\/pages\/442","targetHints":{"allow":["GET"]}}],"collection":[{"href":"https:\/\/saintangelainternationalschoolsevilla.com\/zh\/wp-json\/wp\/v2\/pages"}],"about":[{"href":"https:\/\/saintangelainternationalschoolsevilla.com\/zh\/wp-json\/wp\/v2\/types\/page"}],"author":[{"embeddable":true,"href":"https:\/\/saintangelainternationalschoolsevilla.com\/zh\/wp-json\/wp\/v2\/users\/1"}],"replies":[{"embeddable":true,"href":"https:\/\/saintangelainternationalschoolsevilla.com\/zh\/wp-json\/wp\/v2\/comments?post=442"}],"version-history":[{"count":52,"href":"https:\/\/saintangelainternationalschoolsevilla.com\/zh\/wp-json\/wp\/v2\/pages\/442\/revisions"}],"predecessor-version":[{"id":2288,"href":"https:\/\/saintangelainternationalschoolsevilla.com\/zh\/wp-json\/wp\/v2\/pages\/442\/revisions\/2288"}],"wp:attachment":[{"href":"https:\/\/saintangelainternationalschoolsevilla.com\/zh\/wp-json\/wp\/v2\/media?parent=442"}],"curies":[{"name":"wp","href":"https:\/\/api.w.org\/{rel}","templated":true}]}}